{"id":4182,"date":"2022-05-17T10:24:16","date_gmt":"2022-05-17T08:24:16","guid":{"rendered":"https:\/\/www.neggio.ch\/pannello-principale\/"},"modified":"2022-05-31T10:36:59","modified_gmt":"2022-05-31T08:36:59","slug":"lehrpfad","status":"publish","type":"page","link":"https:\/\/www.neggio.ch\/de\/lehrpfad\/","title":{"rendered":"Lehrpfad"},"content":{"rendered":"<div class=\"fusion-fullwidth fullwidth-box fusion-builder-row-1 fusion-flex-container nonhundred-percent-fullwidth non-hundred-percent-height-scrolling\" style=\"--awb-border-color:#00783f;--awb-border-radius-top-left:0px;--awb-border-radius-top-right:0px;--awb-border-radius-bottom-right:0px;--awb-border-radius-bottom-left:0px;--awb-padding-top:120px;--awb-background-color:rgba(255,255,255,0);--awb-flex-wrap:wrap;\" ><div class=\"fusion-builder-row fusion-row fusion-flex-align-items-flex-start fusion-flex-content-wrap\" style=\"max-width:1248px;margin-left: calc(-4% \/ 2 );margin-right: calc(-4% \/ 2 );\"><div class=\"fusion-layout-column fusion_builder_column fusion-builder-column-0 fusion_builder_column_1_2 1_2 fusion-flex-column\" style=\"--awb-bg-size:cover;--awb-width-large:50%;--awb-margin-top-large:0px;--awb-spacing-right-large:3.84%;--awb-margin-bottom-large:20px;--awb-spacing-left-large:3.84%;--awb-width-medium:100%;--awb-order-medium:0;--awb-spacing-right-medium:1.92%;--awb-spacing-left-medium:1.92%;--awb-width-small:100%;--awb-order-small:0;--awb-spacing-right-small:1.92%;--awb-spacing-left-small:1.92%;\"><div class=\"fusion-column-wrapper fusion-column-has-shadow fusion-flex-justify-content-flex-start fusion-content-layout-column\"><div class=\"fusion-title title fusion-title-1 fusion-sep-none fusion-title-text fusion-title-size-one pannelloTitolo\" style=\"--awb-text-color:#00783f;--awb-margin-top-small:0px;--awb-margin-right-small:0px;--awb-margin-left-small:0px;\"><h1 class=\"fusion-title-heading title-heading-left fusion-responsive-typography-calculated\" style=\"margin:0;--fontSize:48;line-height:1.12;\">Willkommen<\/h1><\/div><div class=\"fusion-image-element \" style=\"text-align:left;--awb-caption-title-font-family:var(--h2_typography-font-family);--awb-caption-title-font-weight:var(--h2_typography-font-weight);--awb-caption-title-font-style:var(--h2_typography-font-style);--awb-caption-title-size:var(--h2_typography-font-size);--awb-caption-title-transform:var(--h2_typography-text-transform);--awb-caption-title-line-height:var(--h2_typography-line-height);--awb-caption-title-letter-spacing:var(--h2_typography-letter-spacing);\"><span class=\" fusion-imageframe imageframe-none imageframe-1 hover-type-none\"><img decoding=\"async\" width=\"1200\" height=\"849\" title=\"img-2\" src=\"https:\/\/www.neggio.ch\/wp-content\/uploads\/2022\/05\/img-2.png\" data-orig-src=\"https:\/\/www.neggio.ch\/wp-content\/uploads\/2022\/05\/img-2-1200x849.png\" alt class=\"lazyload img-responsive wp-image-4486\" srcset=\"data:image\/svg+xml,%3Csvg%20xmlns%3D%27http%3A%2F%2Fwww.w3.org%2F2000%2Fsvg%27%20width%3D%272346%27%20height%3D%271659%27%20viewBox%3D%270%200%202346%201659%27%3E%3Crect%20width%3D%272346%27%20height%3D%271659%27%20fill-opacity%3D%220%22%2F%3E%3C%2Fsvg%3E\" data-srcset=\"https:\/\/www.neggio.ch\/wp-content\/uploads\/2022\/05\/img-2-200x141.png 200w, https:\/\/www.neggio.ch\/wp-content\/uploads\/2022\/05\/img-2-400x283.png 400w, https:\/\/www.neggio.ch\/wp-content\/uploads\/2022\/05\/img-2-600x424.png 600w, https:\/\/www.neggio.ch\/wp-content\/uploads\/2022\/05\/img-2-800x566.png 800w, https:\/\/www.neggio.ch\/wp-content\/uploads\/2022\/05\/img-2-1200x849.png 1200w\" data-sizes=\"auto\" data-orig-sizes=\"(max-width: 1024px) 100vw, (max-width: 640px) 100vw, 600px\" \/><\/span><\/div><div class=\"fusion-title title fusion-title-2 fusion-sep-none fusion-title-text fusion-title-size-one pannelloTitolo\" style=\"--awb-text-color:#00783f;--awb-margin-top-small:0px;--awb-margin-right-small:0px;--awb-margin-left-small:0px;\"><h1 class=\"fusion-title-heading title-heading-left fusion-responsive-typography-calculated\" style=\"margin:0;--fontSize:48;line-height:1.12;\">Kennenlernen<br \/>\nund teilen<\/h1><\/div><div class=\"fusion-text fusion-text-1 pannelloTesto\"><p>Um dem Wald und uns selbst Sorge zu tragen, muss man wissen, wie die Dinge funktionieren, was n\u00fctzlich ist und was nicht. Man muss lernen und zuh\u00f6ren. Entlang des Weges gibt es didaktische Tafeln, die mit Hilfe der f\u00fcnf Sinne einige Besonderheiten des Waldes und seiner Geschichte erkl\u00e4ren. Sie laden dazu ein, Erfahrungen zu sammeln und Fragen zu beantworten, um sein Wissen zu testen. Um zu lernen und mit andern zu teilen.<\/p>\n<\/div><div class=\"fusion-image-element \" style=\"--awb-caption-title-font-family:var(--h2_typography-font-family);--awb-caption-title-font-weight:var(--h2_typography-font-weight);--awb-caption-title-font-style:var(--h2_typography-font-style);--awb-caption-title-size:var(--h2_typography-font-size);--awb-caption-title-transform:var(--h2_typography-text-transform);--awb-caption-title-line-height:var(--h2_typography-line-height);--awb-caption-title-letter-spacing:var(--h2_typography-letter-spacing);\"><span class=\" fusion-imageframe imageframe-none imageframe-2 hover-type-none\"><img decoding=\"async\" width=\"600\" height=\"552\" title=\"mappa_neggio_DE_res\" src=\"https:\/\/www.neggio.ch\/wp-content\/uploads\/2022\/05\/mappa_neggio_DE_res.png\" data-orig-src=\"https:\/\/www.neggio.ch\/wp-content\/uploads\/2022\/05\/mappa_neggio_DE_res-600x552.png\" alt class=\"lazyload img-responsive wp-image-4481\" srcset=\"data:image\/svg+xml,%3Csvg%20xmlns%3D%27http%3A%2F%2Fwww.w3.org%2F2000%2Fsvg%27%20width%3D%27800%27%20height%3D%27736%27%20viewBox%3D%270%200%20800%20736%27%3E%3Crect%20width%3D%27800%27%20height%3D%27736%27%20fill-opacity%3D%220%22%2F%3E%3C%2Fsvg%3E\" data-srcset=\"https:\/\/www.neggio.ch\/wp-content\/uploads\/2022\/05\/mappa_neggio_DE_res-200x184.png 200w, https:\/\/www.neggio.ch\/wp-content\/uploads\/2022\/05\/mappa_neggio_DE_res-400x368.png 400w, https:\/\/www.neggio.ch\/wp-content\/uploads\/2022\/05\/mappa_neggio_DE_res-600x552.png 600w, https:\/\/www.neggio.ch\/wp-content\/uploads\/2022\/05\/mappa_neggio_DE_res.png 800w\" data-sizes=\"auto\" data-orig-sizes=\"(max-width: 1024px) 100vw, (max-width: 640px) 100vw, 600px\" \/><\/span><\/div><\/div><\/div><div class=\"fusion-layout-column fusion_builder_column fusion-builder-column-1 fusion_builder_column_1_2 1_2 fusion-flex-column\" style=\"--awb-bg-size:cover;--awb-width-large:50%;--awb-margin-top-large:0px;--awb-spacing-right-large:3.84%;--awb-margin-bottom-large:20px;--awb-spacing-left-large:3.84%;--awb-width-medium:100%;--awb-order-medium:0;--awb-spacing-right-medium:1.92%;--awb-spacing-left-medium:1.92%;--awb-width-small:100%;--awb-order-small:0;--awb-spacing-right-small:1.92%;--awb-spacing-left-small:1.92%;\"><div class=\"fusion-column-wrapper fusion-column-has-shadow fusion-flex-justify-content-flex-start fusion-content-layout-column\"><div class=\"fusion-text fusion-text-2 pannelloHashtag\"><h3>#conoscoilbosco<\/h3>\n<p>Lehrpfad &#8211; Gemeinde Neggio<\/p>\n<\/div><div class=\"fusion-title title fusion-title-3 fusion-sep-none fusion-title-text fusion-title-size-one pannelloTitolo\" style=\"--awb-text-color:#00783f;--awb-margin-top-small:0px;--awb-margin-right-small:0px;--awb-margin-left-small:0px;\"><h1 class=\"fusion-title-heading title-heading-left fusion-responsive-typography-calculated\" style=\"margin:0;--fontSize:48;line-height:1.12;\">Sorge tragen<\/h1><\/div><div class=\"fusion-text fusion-text-3 pannelloTesto\"><p>Die Route entlang dem Waldweg zeigt uns, wie wir unserer Umgebung Sorge tragen k\u00f6nnen. Der Wald muss sicher und nutzbar gemacht werden und gleichzeitig d\u00fcrfen diese Eingriffe die Entwicklung des \u00d6kosystems nicht behindern.<\/p>\n<p>Aber wir m\u00f6chten auch, dass dieser Weg unserem K\u00f6rper, unserem Geist und unserem psychischen und physischen Wohlbefinden Sorge tr\u00e4gt. Deshalb wurden entlang der Route Ger\u00e4te aufgestellt, an denen man Leibes\u00fcbungen an der frischen Luft und Sinneserfahrungen machen kann.<\/p>\n<\/div><div class=\"fusion-image-element \" style=\"--awb-margin-top:35px;--awb-caption-title-font-family:var(--h2_typography-font-family);--awb-caption-title-font-weight:var(--h2_typography-font-weight);--awb-caption-title-font-style:var(--h2_typography-font-style);--awb-caption-title-size:var(--h2_typography-font-size);--awb-caption-title-transform:var(--h2_typography-text-transform);--awb-caption-title-line-height:var(--h2_typography-line-height);--awb-caption-title-letter-spacing:var(--h2_typography-letter-spacing);\"><span class=\" fusion-imageframe imageframe-none imageframe-3 hover-type-none\"><img decoding=\"async\" width=\"1200\" height=\"1179\" title=\"img-4\" src=\"https:\/\/www.neggio.ch\/wp-content\/uploads\/2022\/05\/img-4.png\" data-orig-src=\"https:\/\/www.neggio.ch\/wp-content\/uploads\/2022\/05\/img-4-1200x1179.png\" alt class=\"lazyload img-responsive wp-image-4487\" srcset=\"data:image\/svg+xml,%3Csvg%20xmlns%3D%27http%3A%2F%2Fwww.w3.org%2F2000%2Fsvg%27%20width%3D%272425%27%20height%3D%272383%27%20viewBox%3D%270%200%202425%202383%27%3E%3Crect%20width%3D%272425%27%20height%3D%272383%27%20fill-opacity%3D%220%22%2F%3E%3C%2Fsvg%3E\" data-srcset=\"https:\/\/www.neggio.ch\/wp-content\/uploads\/2022\/05\/img-4-200x197.png 200w, https:\/\/www.neggio.ch\/wp-content\/uploads\/2022\/05\/img-4-400x393.png 400w, https:\/\/www.neggio.ch\/wp-content\/uploads\/2022\/05\/img-4-600x590.png 600w, https:\/\/www.neggio.ch\/wp-content\/uploads\/2022\/05\/img-4-800x786.png 800w, https:\/\/www.neggio.ch\/wp-content\/uploads\/2022\/05\/img-4-1200x1179.png 1200w\" data-sizes=\"auto\" data-orig-sizes=\"(max-width: 1024px) 100vw, (max-width: 640px) 100vw, 600px\" \/><\/span><\/div><div class=\"fusion-title title fusion-title-4 fusion-sep-none fusion-title-text fusion-title-size-one pannelloTitolo\" style=\"--awb-text-color:#00783f;--awb-margin-top:35px;--awb-margin-top-small:0px;--awb-margin-right-small:0px;--awb-margin-left-small:0px;\"><h1 class=\"fusion-title-heading title-heading-left fusion-responsive-typography-calculated\" style=\"margin:0;--fontSize:48;line-height:1.12;\">Jetzt bist du dran<\/h1><\/div><div class=\"fusion-text fusion-text-4 pannelloHashtag\"><p><a href=\"https:\/\/www.neggio.ch\/de\/lehrpfad\/hoeren\/\">2. H\u00f6ren<\/a><br \/>\n<a href=\"https:\/\/www.neggio.ch\/de\/lehrpfad\/riechen\/\">3. Riechen<\/a><br \/>\n<a href=\"https:\/\/www.neggio.ch\/de\/lehrpfad\/tasten\/\">4. Tasten<\/a><br \/>\n<a href=\"https:\/\/www.neggio.ch\/de\/lehrpfad\/sehen\/\">5. Sehen<\/a><br \/>\n<a href=\"https:\/\/www.neggio.ch\/de\/lehrpfad\/geschmack\/\">6. Geschmack<\/a><\/p>\n<\/div><\/div><\/div><\/div><\/div>\n","protected":false},"excerpt":{"rendered":"","protected":false},"author":1,"featured_media":0,"parent":0,"menu_order":0,"comment_status":"closed","ping_status":"closed","template":"PannelliSentieri.php","meta":{"footnotes":""},"class_list":["post-4182","page","type-page","status-publish","hentry"],"_links":{"self":[{"href":"https:\/\/www.neggio.ch\/de\/wp-json\/wp\/v2\/pages\/4182","targetHints":{"allow":["GET"]}}],"collection":[{"href":"https:\/\/www.neggio.ch\/de\/wp-json\/wp\/v2\/pages"}],"about":[{"href":"https:\/\/www.neggio.ch\/de\/wp-json\/wp\/v2\/types\/page"}],"author":[{"embeddable":true,"href":"https:\/\/www.neggio.ch\/de\/wp-json\/wp\/v2\/users\/1"}],"replies":[{"embeddable":true,"href":"https:\/\/www.neggio.ch\/de\/wp-json\/wp\/v2\/comments?post=4182"}],"version-history":[{"count":5,"href":"https:\/\/www.neggio.ch\/de\/wp-json\/wp\/v2\/pages\/4182\/revisions"}],"predecessor-version":[{"id":4788,"href":"https:\/\/www.neggio.ch\/de\/wp-json\/wp\/v2\/pages\/4182\/revisions\/4788"}],"wp:attachment":[{"href":"https:\/\/www.neggio.ch\/de\/wp-json\/wp\/v2\/media?parent=4182"}],"curies":[{"name":"wp","href":"https:\/\/api.w.org\/{rel}","templated":true}]}}