{"id":4241,"date":"2022-05-23T09:01:00","date_gmt":"2022-05-23T07:01:00","guid":{"rendered":"https:\/\/www.neggio.ch\/pannello-olfatto\/"},"modified":"2022-05-31T11:02:30","modified_gmt":"2022-05-31T09:02:30","slug":"riechen","status":"publish","type":"page","link":"https:\/\/www.neggio.ch\/de\/lehrpfad\/riechen\/","title":{"rendered":"Riechen"},"content":{"rendered":"<p><div class=\"fusion-fullwidth fullwidth-box fusion-builder-row-1 fusion-flex-container nonhundred-percent-fullwidth non-hundred-percent-height-scrolling\" style=\"--awb-border-color:#00783f;--awb-border-radius-top-left:0px;--awb-border-radius-top-right:0px;--awb-border-radius-bottom-right:0px;--awb-border-radius-bottom-left:0px;--awb-padding-top:120px;--awb-background-color:rgba(255,255,255,0);--awb-flex-wrap:wrap;\" ><div class=\"fusion-builder-row fusion-row fusion-flex-align-items-flex-start fusion-flex-content-wrap\" style=\"max-width:1248px;margin-left: calc(-4% \/ 2 );margin-right: calc(-4% \/ 2 );\"><div class=\"fusion-layout-column fusion_builder_column fusion-builder-column-0 fusion_builder_column_1_2 1_2 fusion-flex-column\" style=\"--awb-bg-size:cover;--awb-width-large:50%;--awb-margin-top-large:0px;--awb-spacing-right-large:3.84%;--awb-margin-bottom-large:20px;--awb-spacing-left-large:3.84%;--awb-width-medium:100%;--awb-order-medium:0;--awb-spacing-right-medium:1.92%;--awb-spacing-left-medium:1.92%;--awb-width-small:100%;--awb-order-small:0;--awb-spacing-right-small:1.92%;--awb-spacing-left-small:1.92%;\"><div class=\"fusion-column-wrapper fusion-column-has-shadow fusion-flex-justify-content-flex-start fusion-content-layout-column\"><div class=\"fusion-title title fusion-title-1 fusion-sep-none fusion-title-text fusion-title-size-one pannelloTitolo\" style=\"--awb-text-color:#4b858e;--awb-margin-top-small:0px;--awb-margin-right-small:0px;--awb-margin-left-small:0px;\"><h1 class=\"fusion-title-heading title-heading-left fusion-responsive-typography-calculated\" style=\"margin:0;--fontSize:48;line-height:1.12;\">Riechen<\/h1><\/div><div class=\"fusion-image-element \" style=\"text-align:left;--awb-caption-title-font-family:var(--h2_typography-font-family);--awb-caption-title-font-weight:var(--h2_typography-font-weight);--awb-caption-title-font-style:var(--h2_typography-font-style);--awb-caption-title-size:var(--h2_typography-font-size);--awb-caption-title-transform:var(--h2_typography-text-transform);--awb-caption-title-line-height:var(--h2_typography-line-height);--awb-caption-title-letter-spacing:var(--h2_typography-letter-spacing);\"><span class=\" fusion-imageframe imageframe-none imageframe-1 hover-type-none\"><img decoding=\"async\" width=\"947\" height=\"754\" title=\"5_olfatto_vignetta_2_res\" src=\"https:\/\/www.neggio.ch\/wp-content\/uploads\/2022\/05\/5_olfatto_vignetta_2_res.png\" data-orig-src=\"https:\/\/www.neggio.ch\/wp-content\/uploads\/2022\/05\/5_olfatto_vignetta_2_res.png\" alt class=\"lazyload img-responsive wp-image-4201\" srcset=\"data:image\/svg+xml,%3Csvg%20xmlns%3D%27http%3A%2F%2Fwww.w3.org%2F2000%2Fsvg%27%20width%3D%27947%27%20height%3D%27754%27%20viewBox%3D%270%200%20947%20754%27%3E%3Crect%20width%3D%27947%27%20height%3D%27754%27%20fill-opacity%3D%220%22%2F%3E%3C%2Fsvg%3E\" data-srcset=\"https:\/\/www.neggio.ch\/wp-content\/uploads\/2022\/05\/5_olfatto_vignetta_2_res-200x159.png 200w, https:\/\/www.neggio.ch\/wp-content\/uploads\/2022\/05\/5_olfatto_vignetta_2_res-400x318.png 400w, https:\/\/www.neggio.ch\/wp-content\/uploads\/2022\/05\/5_olfatto_vignetta_2_res-600x478.png 600w, https:\/\/www.neggio.ch\/wp-content\/uploads\/2022\/05\/5_olfatto_vignetta_2_res-800x637.png 800w, https:\/\/www.neggio.ch\/wp-content\/uploads\/2022\/05\/5_olfatto_vignetta_2_res.png 947w\" data-sizes=\"auto\" data-orig-sizes=\"(max-width: 1024px) 100vw, (max-width: 640px) 100vw, 600px\" \/><\/span><\/div><div class=\"fusion-title title fusion-title-2 fusion-sep-none fusion-title-text fusion-title-size-one pannelloTitolo\" style=\"--awb-text-color:#4b858e;--awb-margin-top-small:0px;--awb-margin-right-small:0px;--awb-margin-left-small:0px;\"><h1 class=\"fusion-title-heading title-heading-left fusion-responsive-typography-calculated\" style=\"margin:0;--fontSize:48;line-height:1.12;\">Versuch es selbst<\/h1><\/div><div class=\"fusion-text fusion-text-1 pannelloTesto\"><p>Auch wir Menschen k\u00f6nnen uns durch unseren Geruchssinn verteidigen. Bei der Anzahl der Geruchsgenen stehen wir unter den Tierarten an dreizehnter Stelle.<br \/>\nEine wissenschaftliche Studie hat ausserdem berechnet, dass unser Geruchssinn potenziell Milliarden von Ger\u00fcchen unterscheiden kann.<\/p>\n<p>M\u00f6chtest du deinen Geruchssinn auf die Probe stellen?<\/p>\n<p>Lass deinen Begleiter etwas aus dem Wald ausw\u00e4hlen. Es kann ein Blatt sein, Erde, ein St\u00fcck Holz, eine Blume, eine Beere, eine Frucht. Sag ihm, diesen Gegenstand vorsichtig und sorgf\u00e4ltig aufzuheben. Rieche dann mit geschlossenen Augen daran, ohne ihn zu ber\u00fchren. Versuche, den Geruch zu beschreiben. An welche Empfindungen erinnert er dich? Und nun versuche, zu erraten, was es ist.<\/p>\n<\/div><\/div><\/div><div class=\"fusion-layout-column fusion_builder_column fusion-builder-column-1 fusion_builder_column_1_2 1_2 fusion-flex-column\" style=\"--awb-bg-size:cover;--awb-width-large:50%;--awb-margin-top-large:0px;--awb-spacing-right-large:3.84%;--awb-margin-bottom-large:20px;--awb-spacing-left-large:3.84%;--awb-width-medium:100%;--awb-order-medium:0;--awb-spacing-right-medium:1.92%;--awb-spacing-left-medium:1.92%;--awb-width-small:100%;--awb-order-small:0;--awb-spacing-right-small:1.92%;--awb-spacing-left-small:1.92%;\"><div class=\"fusion-column-wrapper fusion-column-has-shadow fusion-flex-justify-content-flex-start fusion-content-layout-column\"><div class=\"fusion-text fusion-text-2 pannelloHashtag\"><h3>#conoscoilbosco<\/h3>\n<p>Lehrpfad \u2013 Gemeinde Neggio<\/p>\n<\/div><div class=\"fusion-title title fusion-title-3 fusion-sep-none fusion-title-text fusion-title-size-one pannelloTitolo\" style=\"--awb-text-color:#4b858e;--awb-margin-top-small:0px;--awb-margin-right-small:0px;--awb-margin-left-small:0px;\"><h1 class=\"fusion-title-heading title-heading-left fusion-responsive-typography-calculated\" style=\"margin:0;--fontSize:48;line-height:1.12;\">Wusstest du&#8230;<\/h1><\/div><div class=\"fusion-text fusion-text-3 pannelloTesto\"><p>dass der Fuchs einen 30-mal st\u00e4rker entwickelten Geruchssinn hat als der Mensch? \u00a0Und dass der Wolf seine Beute aus 3 km Entfernung riechen kann? Der Hirsch kann schwache Ger\u00fcche auf 400 Meter Entfernung wahrnehmen. Der Igel kann nachts nicht mehr als 12 Meter weit sehen, aber er kann auf eine viel gr\u00f6ssere Entfernung riechen. Die Ameise schnuppert mit ihren F\u00fchlern und mag den Geruch von Minze nicht. Der Geruchsinn von Tieren ist unverzichtbar f\u00fcr grundlegende T\u00e4tigkeiten: Suche nach Nahrung und nach Partnern, Finden der H\u00f6hle und Warnung vor Gefahren.<\/p>\n<\/div><div class=\"fusion-image-element \" style=\"text-align:center;--awb-margin-top:20px;--awb-caption-title-font-family:var(--h2_typography-font-family);--awb-caption-title-font-weight:var(--h2_typography-font-weight);--awb-caption-title-font-style:var(--h2_typography-font-style);--awb-caption-title-size:var(--h2_typography-font-size);--awb-caption-title-transform:var(--h2_typography-text-transform);--awb-caption-title-line-height:var(--h2_typography-line-height);--awb-caption-title-letter-spacing:var(--h2_typography-letter-spacing);\"><span class=\" fusion-imageframe imageframe-none imageframe-2 hover-type-none img70\"><img decoding=\"async\" width=\"829\" height=\"783\" title=\"5_olfatto_vignetta_1_res\" src=\"https:\/\/www.neggio.ch\/wp-content\/uploads\/2022\/05\/5_olfatto_vignetta_1_res.png\" data-orig-src=\"https:\/\/www.neggio.ch\/wp-content\/uploads\/2022\/05\/5_olfatto_vignetta_1_res.png\" alt class=\"lazyload img-responsive wp-image-4205\" srcset=\"data:image\/svg+xml,%3Csvg%20xmlns%3D%27http%3A%2F%2Fwww.w3.org%2F2000%2Fsvg%27%20width%3D%27829%27%20height%3D%27783%27%20viewBox%3D%270%200%20829%20783%27%3E%3Crect%20width%3D%27829%27%20height%3D%27783%27%20fill-opacity%3D%220%22%2F%3E%3C%2Fsvg%3E\" data-srcset=\"https:\/\/www.neggio.ch\/wp-content\/uploads\/2022\/05\/5_olfatto_vignetta_1_res-200x189.png 200w, https:\/\/www.neggio.ch\/wp-content\/uploads\/2022\/05\/5_olfatto_vignetta_1_res-400x378.png 400w, https:\/\/www.neggio.ch\/wp-content\/uploads\/2022\/05\/5_olfatto_vignetta_1_res-600x567.png 600w, https:\/\/www.neggio.ch\/wp-content\/uploads\/2022\/05\/5_olfatto_vignetta_1_res-800x756.png 800w, https:\/\/www.neggio.ch\/wp-content\/uploads\/2022\/05\/5_olfatto_vignetta_1_res.png 829w\" data-sizes=\"auto\" data-orig-sizes=\"(max-width: 1024px) 100vw, (max-width: 640px) 100vw, 600px\" \/><\/span><\/div><div class=\"fusion-text fusion-text-4 pannelloTesto\"><p>F\u00fcr die Tiere, die im Wald leben, ist dieser eine Welt, die sie \u00fcber den Geruchssinn erkunden. Der Geruch signalisiert das Vorhandensein von Nahrung und Beute, aber auch m\u00f6gliche \u00abSeelenverwandte\u00bb oder Raubtiere und sendet Alarmsignale aus. Durch auf dem Boden hinterlassene Ger\u00fcche, die sie erschnuppern, kommunizieren die Tiere. Denn Ger\u00fcche sind von weitem wahrnehmbar, auch nachts.<\/p>\n<p>Sie werden vor dem Sehen und H\u00f6ren wahrgenommen.<\/p>\n<\/div><\/div><\/div><\/div><\/div><div class=\"fusion-fullwidth fullwidth-box fusion-builder-row-2 fusion-flex-container nonhundred-percent-fullwidth non-hundred-percent-height-scrolling boxDomanda\" style=\"--awb-border-sizes-top:4px;--awb-border-sizes-bottom:4px;--awb-border-sizes-left:4px;--awb-border-sizes-right:4px;--awb-border-color:#4b858e;--awb-border-radius-top-left:0px;--awb-border-radius-top-right:0px;--awb-border-radius-bottom-right:0px;--awb-border-radius-bottom-left:0px;--awb-padding-right:6%;--awb-padding-bottom:1%;--awb-padding-left:6%;--awb-background-color:rgba(255,255,255,0);--awb-flex-wrap:wrap;\" ><div class=\"fusion-builder-row fusion-row fusion-flex-align-items-flex-start fusion-flex-content-wrap\" style=\"max-width:1248px;margin-left: calc(-4% \/ 2 );margin-right: calc(-4% \/ 2 );\"><div class=\"fusion-layout-column fusion_builder_column fusion-builder-column-2 fusion_builder_column_1_1 1_1 fusion-flex-column\" style=\"--awb-bg-size:cover;--awb-width-large:100%;--awb-margin-top-large:0px;--awb-spacing-right-large:1.92%;--awb-margin-bottom-large:20px;--awb-spacing-left-large:1.92%;--awb-width-medium:100%;--awb-order-medium:0;--awb-spacing-right-medium:1.92%;--awb-spacing-left-medium:1.92%;--awb-width-small:100%;--awb-order-small:0;--awb-spacing-right-small:1.92%;--awb-spacing-left-small:1.92%;\"><div class=\"fusion-column-wrapper fusion-column-has-shadow fusion-flex-justify-content-flex-start fusion-content-layout-column\"><div class=\"fusion-title title fusion-title-4 fusion-sep-none fusion-title-center fusion-title-text fusion-title-size-one pannelloTitolo\" style=\"--awb-text-color:#4b858e;--awb-margin-top-small:0px;--awb-margin-right-small:0px;--awb-margin-left-small:0px;\"><h1 class=\"fusion-title-heading title-heading-center fusion-responsive-typography-calculated\" style=\"margin:0;--fontSize:48;line-height:1.12;\">Wieviel weisst du?<\/h1><\/div><div class=\"fusion-text fusion-text-5\" style=\"--awb-content-alignment:center;\"><p>Wenn du die Tafel aufmerksam gelesen hast, verf\u00fcgst du \u00fcber alle notwendigen Informationen, um die Fragen richtig zu beantworten.<\/p>\n<\/div><\/div><\/div><div class=\"fusion-layout-column fusion_builder_column fusion-builder-column-3 fusion_builder_column_1_3 1_3 fusion-flex-column\" style=\"--awb-padding-right:20px;--awb-padding-left:20px;--awb-bg-size:cover;--awb-width-large:33.333333333333%;--awb-margin-top-large:0px;--awb-spacing-right-large:5.76%;--awb-margin-bottom-large:20px;--awb-spacing-left-large:5.76%;--awb-width-medium:100%;--awb-order-medium:0;--awb-spacing-right-medium:1.92%;--awb-spacing-left-medium:1.92%;--awb-width-small:100%;--awb-order-small:0;--awb-spacing-right-small:1.92%;--awb-spacing-left-small:1.92%;\"><div class=\"fusion-column-wrapper fusion-column-has-shadow fusion-flex-justify-content-flex-start fusion-content-layout-column\"><div class=\"fusion-title title fusion-title-5 fusion-sep-none fusion-title-text fusion-title-size-four pannelloTitoloDomande\" style=\"--awb-text-color:#4b858e;--awb-margin-top-small:0px;--awb-margin-right-small:0px;--awb-margin-left-small:0px;\"><h4 class=\"fusion-title-heading title-heading-left fusion-responsive-typography-calculated\" style=\"margin:0;--fontSize:24;--minFontSize:24;line-height:1.45;\">Wieviele Ger\u00fcche kann der menschliche Geruchssinn unter-scheiden?<\/h4><\/div><div class=\"fusion-text fusion-text-6 pannelloTestoDomande\"><p>A) 100<br \/>\nB) 100\u2019000<br \/>\nC) eine Milliarde<br \/>\nD) eine Billion<\/p>\n<\/div><\/div><\/div><div class=\"fusion-layout-column fusion_builder_column fusion-builder-column-4 fusion_builder_column_1_3 1_3 fusion-flex-column\" style=\"--awb-padding-right:20px;--awb-padding-left:20px;--awb-bg-size:cover;--awb-width-large:33.333333333333%;--awb-margin-top-large:0px;--awb-spacing-right-large:5.76%;--awb-margin-bottom-large:20px;--awb-spacing-left-large:5.76%;--awb-width-medium:100%;--awb-order-medium:0;--awb-spacing-right-medium:1.92%;--awb-spacing-left-medium:1.92%;--awb-width-small:100%;--awb-order-small:0;--awb-spacing-right-small:1.92%;--awb-spacing-left-small:1.92%;\"><div class=\"fusion-column-wrapper fusion-column-has-shadow fusion-flex-justify-content-flex-start fusion-content-layout-column\"><div class=\"fusion-title title fusion-title-6 fusion-sep-none fusion-title-text fusion-title-size-four pannelloTitoloDomande\" style=\"--awb-text-color:#4b858e;--awb-margin-top-small:0px;--awb-margin-right-small:0px;--awb-margin-left-small:0px;\"><h4 class=\"fusion-title-heading title-heading-left fusion-responsive-typography-calculated\" style=\"margin:0;--fontSize:24;--minFontSize:24;line-height:1.45;\">Welchen Geruch mag die Ameise nicht?<\/h4><\/div><div class=\"fusion-text fusion-text-7 pannelloTestoDomande\"><p>A) Minze<br \/>\nB) Zucker<br \/>\nC) Apfel<br \/>\nD) Tomate<\/p>\n<\/div><\/div><\/div><div class=\"fusion-layout-column fusion_builder_column fusion-builder-column-5 fusion_builder_column_1_3 1_3 fusion-flex-column\" style=\"--awb-padding-right:20px;--awb-padding-left:20px;--awb-bg-size:cover;--awb-width-large:33.333333333333%;--awb-margin-top-large:0px;--awb-spacing-right-large:5.76%;--awb-margin-bottom-large:20px;--awb-spacing-left-large:5.76%;--awb-width-medium:100%;--awb-order-medium:0;--awb-spacing-right-medium:1.92%;--awb-spacing-left-medium:1.92%;--awb-width-small:100%;--awb-order-small:0;--awb-spacing-right-small:1.92%;--awb-spacing-left-small:1.92%;\"><div class=\"fusion-column-wrapper fusion-column-has-shadow fusion-flex-justify-content-flex-start fusion-content-layout-column\"><div class=\"fusion-title title fusion-title-7 fusion-sep-none fusion-title-text fusion-title-size-four pannelloTitoloDomande\" style=\"--awb-text-color:#4b858e;--awb-margin-top-small:0px;--awb-margin-right-small:0px;--awb-margin-left-small:0px;\"><h4 class=\"fusion-title-heading title-heading-left fusion-responsive-typography-calculated\" style=\"margin:0;--fontSize:24;--minFontSize:24;line-height:1.45;\">Auf welche Entfernung k\u00f6nnen Hirsche schwache Ger\u00fcche wahrnehmen?<\/h4><\/div><div class=\"fusion-text fusion-text-8 pannelloTestoDomande\"><p>A) weniger als 4 Meter<br \/>\nB) bis zu 400 Metern<br \/>\nC) bis zu 3 km<br \/>\nD) \u00fcber 10 km<\/p>\n<\/div><\/div><\/div><div class=\"fusion-layout-column fusion_builder_column fusion-builder-column-6 fusion_builder_column_1_1 1_1 fusion-flex-column\" style=\"--awb-bg-size:cover;--awb-width-large:100%;--awb-margin-top-large:0px;--awb-spacing-right-large:1.92%;--awb-margin-bottom-large:20px;--awb-spacing-left-large:1.92%;--awb-width-medium:100%;--awb-order-medium:0;--awb-spacing-right-medium:1.92%;--awb-spacing-left-medium:1.92%;--awb-width-small:100%;--awb-order-small:0;--awb-spacing-right-small:1.92%;--awb-spacing-left-small:1.92%;\"><div class=\"fusion-column-wrapper fusion-column-has-shadow fusion-flex-justify-content-flex-start fusion-content-layout-column\"><div class=\"fusion-text fusion-text-9\" style=\"--awb-content-alignment:center;--awb-font-size:14px;\"><p style=\"text-align: center;\"><a href=\"https:\/\/www.neggio.ch\/de\/lehrpfad\/riechen\/antworten\/\">Klicken Sie hier f\u00fcr die richtigen Antworten<\/a><\/p>\n<\/div><\/div><\/div><\/div><\/div><\/p>\n","protected":false},"excerpt":{"rendered":"","protected":false},"author":1,"featured_media":0,"parent":4182,"menu_order":0,"comment_status":"closed","ping_status":"closed","template":"pannelloOlfatto.php","meta":{"footnotes":""},"class_list":["post-4241","page","type-page","status-publish","hentry"],"_links":{"self":[{"href":"https:\/\/www.neggio.ch\/de\/wp-json\/wp\/v2\/pages\/4241","targetHints":{"allow":["GET"]}}],"collection":[{"href":"https:\/\/www.neggio.ch\/de\/wp-json\/wp\/v2\/pages"}],"about":[{"href":"https:\/\/www.neggio.ch\/de\/wp-json\/wp\/v2\/types\/page"}],"author":[{"embeddable":true,"href":"https:\/\/www.neggio.ch\/de\/wp-json\/wp\/v2\/users\/1"}],"replies":[{"embeddable":true,"href":"https:\/\/www.neggio.ch\/de\/wp-json\/wp\/v2\/comments?post=4241"}],"version-history":[{"count":4,"href":"https:\/\/www.neggio.ch\/de\/wp-json\/wp\/v2\/pages\/4241\/revisions"}],"predecessor-version":[{"id":4795,"href":"https:\/\/www.neggio.ch\/de\/wp-json\/wp\/v2\/pages\/4241\/revisions\/4795"}],"up":[{"embeddable":true,"href":"https:\/\/www.neggio.ch\/de\/wp-json\/wp\/v2\/pages\/4182"}],"wp:attachment":[{"href":"https:\/\/www.neggio.ch\/de\/wp-json\/wp\/v2\/media?parent=4241"}],"curies":[{"name":"wp","href":"https:\/\/api.w.org\/{rel}","templated":true}]}}