{"id":4451,"date":"2022-05-27T09:47:23","date_gmt":"2022-05-27T07:47:23","guid":{"rendered":"https:\/\/www.neggio.ch\/pannello-principale\/gusto\/"},"modified":"2022-05-31T11:41:51","modified_gmt":"2022-05-31T09:41:51","slug":"geschmack","status":"publish","type":"page","link":"https:\/\/www.neggio.ch\/de\/lehrpfad\/geschmack\/","title":{"rendered":"Geschmack"},"content":{"rendered":"<p><div class=\"fusion-fullwidth fullwidth-box fusion-builder-row-1 fusion-flex-container nonhundred-percent-fullwidth non-hundred-percent-height-scrolling\" style=\"--awb-border-color:#00783f;--awb-border-radius-top-left:0px;--awb-border-radius-top-right:0px;--awb-border-radius-bottom-right:0px;--awb-border-radius-bottom-left:0px;--awb-padding-top:120px;--awb-background-color:rgba(255,255,255,0);--awb-flex-wrap:wrap;\" ><div class=\"fusion-builder-row fusion-row fusion-flex-align-items-flex-start fusion-flex-content-wrap\" style=\"max-width:1248px;margin-left: calc(-4% \/ 2 );margin-right: calc(-4% \/ 2 );\"><div class=\"fusion-layout-column fusion_builder_column fusion-builder-column-0 fusion_builder_column_1_2 1_2 fusion-flex-column\" style=\"--awb-bg-size:cover;--awb-width-large:50%;--awb-margin-top-large:0px;--awb-spacing-right-large:3.84%;--awb-margin-bottom-large:20px;--awb-spacing-left-large:3.84%;--awb-width-medium:100%;--awb-order-medium:0;--awb-spacing-right-medium:1.92%;--awb-spacing-left-medium:1.92%;--awb-width-small:100%;--awb-order-small:0;--awb-spacing-right-small:1.92%;--awb-spacing-left-small:1.92%;\"><div class=\"fusion-column-wrapper fusion-column-has-shadow fusion-flex-justify-content-flex-start fusion-content-layout-column\"><div class=\"fusion-title title fusion-title-1 fusion-sep-none fusion-title-text fusion-title-size-one pannelloTitolo\" style=\"--awb-text-color:#00783f;--awb-margin-top-small:0px;--awb-margin-right-small:0px;--awb-margin-left-small:0px;\"><h1 class=\"fusion-title-heading title-heading-left fusion-responsive-typography-calculated\" style=\"margin:0;--fontSize:48;line-height:1.12;\">Geschmack<\/h1><\/div><div class=\"fusion-image-element \" style=\"text-align:left;--awb-caption-title-font-family:var(--h2_typography-font-family);--awb-caption-title-font-weight:var(--h2_typography-font-weight);--awb-caption-title-font-style:var(--h2_typography-font-style);--awb-caption-title-size:var(--h2_typography-font-size);--awb-caption-title-transform:var(--h2_typography-text-transform);--awb-caption-title-line-height:var(--h2_typography-line-height);--awb-caption-title-letter-spacing:var(--h2_typography-letter-spacing);\"><span class=\" fusion-imageframe imageframe-none imageframe-1 hover-type-none\"><img decoding=\"async\" width=\"600\" height=\"411\" title=\"4_gusto_vignetta_1_res\" src=\"https:\/\/www.neggio.ch\/wp-content\/uploads\/2022\/05\/4_gusto_vignetta_1_res.png\" data-orig-src=\"https:\/\/www.neggio.ch\/wp-content\/uploads\/2022\/05\/4_gusto_vignetta_1_res-600x411.png\" alt class=\"lazyload img-responsive wp-image-4416\" srcset=\"data:image\/svg+xml,%3Csvg%20xmlns%3D%27http%3A%2F%2Fwww.w3.org%2F2000%2Fsvg%27%20width%3D%271126%27%20height%3D%27771%27%20viewBox%3D%270%200%201126%20771%27%3E%3Crect%20width%3D%271126%27%20height%3D%27771%27%20fill-opacity%3D%220%22%2F%3E%3C%2Fsvg%3E\" data-srcset=\"https:\/\/www.neggio.ch\/wp-content\/uploads\/2022\/05\/4_gusto_vignetta_1_res-200x137.png 200w, https:\/\/www.neggio.ch\/wp-content\/uploads\/2022\/05\/4_gusto_vignetta_1_res-400x274.png 400w, https:\/\/www.neggio.ch\/wp-content\/uploads\/2022\/05\/4_gusto_vignetta_1_res-600x411.png 600w, https:\/\/www.neggio.ch\/wp-content\/uploads\/2022\/05\/4_gusto_vignetta_1_res-800x548.png 800w, https:\/\/www.neggio.ch\/wp-content\/uploads\/2022\/05\/4_gusto_vignetta_1_res.png 1126w\" data-sizes=\"auto\" data-orig-sizes=\"(max-width: 1024px) 100vw, (max-width: 640px) 100vw, 600px\" \/><\/span><\/div><div class=\"fusion-title title fusion-title-2 fusion-sep-none fusion-title-text fusion-title-size-one pannelloTitolo\" style=\"--awb-text-color:#00783f;--awb-margin-top-small:0px;--awb-margin-right-small:0px;--awb-margin-left-small:0px;\"><h1 class=\"fusion-title-heading title-heading-left fusion-responsive-typography-calculated\" style=\"margin:0;--fontSize:48;line-height:1.12;\">Versuch es selbst<\/h1><\/div><div class=\"fusion-text fusion-text-1 pannelloTesto\"><p>M\u00f6chtest du ein einfaches, aber schmackhaftes Rezept entdecken, das man fr\u00fcher zu Hause mit Wildblumen zubereitet hat? M\u00f6chtest du frittierte Robinienbl\u00fcten probieren?<br \/>\nDie Robinie wurde im 17. Jahrhundert vom franz\u00f6sischen Botaniker Jean Robin aus Nordamerika nach Europa gebracht. Sie hat sich schon l\u00e4ngst in weiten Teilen der Welt ausgebreitet, und \u00e4ltere Menschen erinnern sich, dass die weissen traubenf\u00f6rmigen Bl\u00fcten fr\u00fcher frittiert auf den Tisch kamen.<br \/>\nP.S. Denk daran, dass die Robinie im Fr\u00fchjahr bl\u00fcht, meist im Mai.<\/p>\n<p><a href=\"https:\/\/www.neggio.ch\/de\/lehrpfad\/geschmack\/rezept-fuer-frittierte-robinienblueten\/\">Klicken Sie hier f\u00fcr das Rezept<\/a><\/p>\n<\/div><\/div><\/div><div class=\"fusion-layout-column fusion_builder_column fusion-builder-column-1 fusion_builder_column_1_2 1_2 fusion-flex-column\" style=\"--awb-bg-size:cover;--awb-width-large:50%;--awb-margin-top-large:0px;--awb-spacing-right-large:3.84%;--awb-margin-bottom-large:20px;--awb-spacing-left-large:3.84%;--awb-width-medium:100%;--awb-order-medium:0;--awb-spacing-right-medium:1.92%;--awb-spacing-left-medium:1.92%;--awb-width-small:100%;--awb-order-small:0;--awb-spacing-right-small:1.92%;--awb-spacing-left-small:1.92%;\"><div class=\"fusion-column-wrapper fusion-column-has-shadow fusion-flex-justify-content-flex-start fusion-content-layout-column\"><div class=\"fusion-text fusion-text-2 pannelloHashtag\"><h3>#conoscoilbosco<\/h3>\n<p>Lehrpfad &#8211; Gemeinde Neggio<\/p>\n<\/div><div class=\"fusion-title title fusion-title-3 fusion-sep-none fusion-title-text fusion-title-size-one pannelloTitolo\" style=\"--awb-text-color:#00783f;--awb-margin-top-small:0px;--awb-margin-right-small:0px;--awb-margin-left-small:0px;\"><h1 class=\"fusion-title-heading title-heading-left fusion-responsive-typography-calculated\" style=\"margin:0;--fontSize:48;line-height:1.12;\">Wusstest du&#8230;<\/h1><\/div><div class=\"fusion-text fusion-text-3 pannelloTesto\"><p>dass die Bl\u00fcten des Borretschs, eines gew\u00f6hnlichen Wildkrauts, wie Gurken schmecken? Gr\u00e4ser und Blumen von den Feldern, sogar die Bl\u00fcten bestimmter B\u00e4ume wie die Linde dienten unseren Vorfahren lange Zeit als n\u00e4hrstoff- und geschmacksreiche Zutaten. Sie verwendeten sie in der K\u00fcche, aber auch als Heilmittel. Bei der Auswahl der Kr\u00e4uter ist jedoch Vorsicht geboten, nicht alle sind essbar, einige sind, wie Pilze, giftig.<\/p>\n<\/div><div class=\"fusion-image-element \" style=\"text-align:center;--awb-margin-top:20px;--awb-caption-title-font-family:var(--h2_typography-font-family);--awb-caption-title-font-weight:var(--h2_typography-font-weight);--awb-caption-title-font-style:var(--h2_typography-font-style);--awb-caption-title-size:var(--h2_typography-font-size);--awb-caption-title-transform:var(--h2_typography-text-transform);--awb-caption-title-line-height:var(--h2_typography-line-height);--awb-caption-title-letter-spacing:var(--h2_typography-letter-spacing);\"><span class=\" fusion-imageframe imageframe-none imageframe-2 hover-type-none img70\"><img decoding=\"async\" width=\"600\" height=\"501\" title=\"4_gusto_vignetta_2_res\" src=\"https:\/\/www.neggio.ch\/wp-content\/uploads\/2022\/05\/4_gusto_vignetta_2_res.png\" data-orig-src=\"https:\/\/www.neggio.ch\/wp-content\/uploads\/2022\/05\/4_gusto_vignetta_2_res-600x501.png\" alt class=\"lazyload img-responsive wp-image-4412\" srcset=\"data:image\/svg+xml,%3Csvg%20xmlns%3D%27http%3A%2F%2Fwww.w3.org%2F2000%2Fsvg%27%20width%3D%27778%27%20height%3D%27649%27%20viewBox%3D%270%200%20778%20649%27%3E%3Crect%20width%3D%27778%27%20height%3D%27649%27%20fill-opacity%3D%220%22%2F%3E%3C%2Fsvg%3E\" data-srcset=\"https:\/\/www.neggio.ch\/wp-content\/uploads\/2022\/05\/4_gusto_vignetta_2_res-200x167.png 200w, https:\/\/www.neggio.ch\/wp-content\/uploads\/2022\/05\/4_gusto_vignetta_2_res-400x334.png 400w, https:\/\/www.neggio.ch\/wp-content\/uploads\/2022\/05\/4_gusto_vignetta_2_res-600x501.png 600w, https:\/\/www.neggio.ch\/wp-content\/uploads\/2022\/05\/4_gusto_vignetta_2_res.png 778w\" data-sizes=\"auto\" data-orig-sizes=\"(max-width: 1024px) 100vw, (max-width: 640px) 100vw, 600px\" \/><\/span><\/div><div class=\"fusion-text fusion-text-4 pannelloTesto\"><p>Heute hat selbst die \u201cHaute Cuisine\u201d den \u201cspontanen\u201d Geschmack wiederentdeckt.<br \/>\nDie Chefk\u00f6che verwenden immer h\u00e4ufiger Kr\u00e4uter und Blumen, um den Gerichten Farbe und Geschmack zu verleihen. Es geht auch darum, nachhaltige Zutaten aus der Region zu verwenden, zu deren Herstellung und Verteilung keine \u00fcberm\u00e4ssigen Energien ben\u00f6tigt werden.<\/p>\n<\/div><\/div><\/div><\/div><\/div><div class=\"fusion-fullwidth fullwidth-box fusion-builder-row-2 fusion-flex-container nonhundred-percent-fullwidth non-hundred-percent-height-scrolling boxDomanda\" style=\"--awb-border-sizes-top:4px;--awb-border-sizes-bottom:4px;--awb-border-sizes-left:4px;--awb-border-sizes-right:4px;--awb-border-color:#00783f;--awb-border-radius-top-left:0px;--awb-border-radius-top-right:0px;--awb-border-radius-bottom-right:0px;--awb-border-radius-bottom-left:0px;--awb-padding-right:6%;--awb-padding-bottom:1%;--awb-padding-left:6%;--awb-background-color:rgba(255,255,255,0);--awb-flex-wrap:wrap;\" ><div class=\"fusion-builder-row fusion-row fusion-flex-align-items-flex-start fusion-flex-content-wrap\" style=\"max-width:1248px;margin-left: calc(-4% \/ 2 );margin-right: calc(-4% \/ 2 );\"><div class=\"fusion-layout-column fusion_builder_column fusion-builder-column-2 fusion_builder_column_1_1 1_1 fusion-flex-column\" style=\"--awb-bg-size:cover;--awb-width-large:100%;--awb-margin-top-large:0px;--awb-spacing-right-large:1.92%;--awb-margin-bottom-large:20px;--awb-spacing-left-large:1.92%;--awb-width-medium:100%;--awb-order-medium:0;--awb-spacing-right-medium:1.92%;--awb-spacing-left-medium:1.92%;--awb-width-small:100%;--awb-order-small:0;--awb-spacing-right-small:1.92%;--awb-spacing-left-small:1.92%;\"><div class=\"fusion-column-wrapper fusion-column-has-shadow fusion-flex-justify-content-flex-start fusion-content-layout-column\"><div class=\"fusion-title title fusion-title-4 fusion-sep-none fusion-title-center fusion-title-text fusion-title-size-one pannelloTitolo\" style=\"--awb-text-color:#00783f;--awb-margin-top-small:0px;--awb-margin-right-small:0px;--awb-margin-left-small:0px;\"><h1 class=\"fusion-title-heading title-heading-center fusion-responsive-typography-calculated\" style=\"margin:0;--fontSize:48;line-height:1.12;\">Wieviel weisst du?<\/h1><\/div><div class=\"fusion-title title fusion-title-5 fusion-sep-none fusion-title-center fusion-title-text fusion-title-size-three pannelloTitolo\" style=\"--awb-text-color:#00783f;--awb-margin-top-small:0px;--awb-margin-right-small:0px;--awb-margin-left-small:0px;\"><h3 class=\"fusion-title-heading title-heading-center fusion-responsive-typography-calculated\" style=\"margin:0;--fontSize:24;--minFontSize:24;line-height:1.3;\">Um welche Pflanze handelt es sich?<\/h3><\/div><div class=\"fusion-text fusion-text-5\" style=\"--awb-content-alignment:center;\"><p>Wenn du die Tafel aufmerksam gelesen hast, verf\u00fcgst du \u00fcber alle n\u00f6tigen Informationen, um die Fragen richtig zu beantworten?<\/p>\n<\/div><\/div><\/div><div class=\"fusion-layout-column fusion_builder_column fusion-builder-column-3 fusion_builder_column_1_4 1_4 fusion-flex-column\" style=\"--awb-padding-right:20px;--awb-padding-left:20px;--awb-bg-size:cover;--awb-width-large:25%;--awb-margin-top-large:0px;--awb-spacing-right-large:7.68%;--awb-margin-bottom-large:20px;--awb-spacing-left-large:7.68%;--awb-width-medium:100%;--awb-order-medium:0;--awb-spacing-right-medium:1.92%;--awb-spacing-left-medium:1.92%;--awb-width-small:100%;--awb-order-small:0;--awb-spacing-right-small:1.92%;--awb-spacing-left-small:1.92%;\"><div class=\"fusion-column-wrapper fusion-column-has-shadow fusion-flex-justify-content-flex-start fusion-content-layout-column\"><div class=\"fusion-image-element \" style=\"--awb-margin-bottom:15px;--awb-max-width:160px;--awb-caption-title-font-family:var(--h2_typography-font-family);--awb-caption-title-font-weight:var(--h2_typography-font-weight);--awb-caption-title-font-style:var(--h2_typography-font-style);--awb-caption-title-size:var(--h2_typography-font-size);--awb-caption-title-transform:var(--h2_typography-text-transform);--awb-caption-title-line-height:var(--h2_typography-line-height);--awb-caption-title-letter-spacing:var(--h2_typography-letter-spacing);\"><span class=\" fusion-imageframe imageframe-none imageframe-3 hover-type-none\"><img decoding=\"async\" width=\"600\" height=\"600\" title=\"Borragine\" src=\"https:\/\/www.neggio.ch\/wp-content\/uploads\/2022\/05\/Borragine.png\" data-orig-src=\"https:\/\/www.neggio.ch\/wp-content\/uploads\/2022\/05\/Borragine-600x600.png\" alt class=\"lazyload img-responsive wp-image-4391\" srcset=\"data:image\/svg+xml,%3Csvg%20xmlns%3D%27http%3A%2F%2Fwww.w3.org%2F2000%2Fsvg%27%20width%3D%27708%27%20height%3D%27708%27%20viewBox%3D%270%200%20708%20708%27%3E%3Crect%20width%3D%27708%27%20height%3D%27708%27%20fill-opacity%3D%220%22%2F%3E%3C%2Fsvg%3E\" data-srcset=\"https:\/\/www.neggio.ch\/wp-content\/uploads\/2022\/05\/Borragine-200x200.png 200w, https:\/\/www.neggio.ch\/wp-content\/uploads\/2022\/05\/Borragine-400x400.png 400w, https:\/\/www.neggio.ch\/wp-content\/uploads\/2022\/05\/Borragine-600x600.png 600w, https:\/\/www.neggio.ch\/wp-content\/uploads\/2022\/05\/Borragine.png 708w\" data-sizes=\"auto\" data-orig-sizes=\"(max-width: 1024px) 100vw, (max-width: 640px) 100vw, 400px\" \/><\/span><\/div><div class=\"fusion-text fusion-text-6 pannelloTestoDomande\"><p>A) Borretsch<br \/>\nB) Linde<br \/>\nC) Robinie<\/p>\n<\/div><\/div><\/div><div class=\"fusion-layout-column fusion_builder_column fusion-builder-column-4 fusion_builder_column_1_4 1_4 fusion-flex-column\" style=\"--awb-padding-right:20px;--awb-padding-left:20px;--awb-bg-size:cover;--awb-width-large:25%;--awb-margin-top-large:0px;--awb-spacing-right-large:7.68%;--awb-margin-bottom-large:20px;--awb-spacing-left-large:7.68%;--awb-width-medium:100%;--awb-order-medium:0;--awb-spacing-right-medium:1.92%;--awb-spacing-left-medium:1.92%;--awb-width-small:100%;--awb-order-small:0;--awb-spacing-right-small:1.92%;--awb-spacing-left-small:1.92%;\"><div class=\"fusion-column-wrapper fusion-column-has-shadow fusion-flex-justify-content-flex-start fusion-content-layout-column\"><div class=\"fusion-image-element \" style=\"--awb-margin-bottom:15px;--awb-max-width:160px;--awb-caption-title-font-family:var(--h2_typography-font-family);--awb-caption-title-font-weight:var(--h2_typography-font-weight);--awb-caption-title-font-style:var(--h2_typography-font-style);--awb-caption-title-size:var(--h2_typography-font-size);--awb-caption-title-transform:var(--h2_typography-text-transform);--awb-caption-title-line-height:var(--h2_typography-line-height);--awb-caption-title-letter-spacing:var(--h2_typography-letter-spacing);\"><span class=\" fusion-imageframe imageframe-none imageframe-4 hover-type-none\"><img decoding=\"async\" width=\"600\" height=\"600\" title=\"Primula\" src=\"https:\/\/www.neggio.ch\/wp-content\/uploads\/2022\/05\/Primula.png\" data-orig-src=\"https:\/\/www.neggio.ch\/wp-content\/uploads\/2022\/05\/Primula-600x600.png\" alt class=\"lazyload img-responsive wp-image-4395\" srcset=\"data:image\/svg+xml,%3Csvg%20xmlns%3D%27http%3A%2F%2Fwww.w3.org%2F2000%2Fsvg%27%20width%3D%27705%27%20height%3D%27705%27%20viewBox%3D%270%200%20705%20705%27%3E%3Crect%20width%3D%27705%27%20height%3D%27705%27%20fill-opacity%3D%220%22%2F%3E%3C%2Fsvg%3E\" data-srcset=\"https:\/\/www.neggio.ch\/wp-content\/uploads\/2022\/05\/Primula-200x200.png 200w, https:\/\/www.neggio.ch\/wp-content\/uploads\/2022\/05\/Primula-400x400.png 400w, https:\/\/www.neggio.ch\/wp-content\/uploads\/2022\/05\/Primula-600x600.png 600w, https:\/\/www.neggio.ch\/wp-content\/uploads\/2022\/05\/Primula.png 705w\" data-sizes=\"auto\" data-orig-sizes=\"(max-width: 1024px) 100vw, (max-width: 640px) 100vw, 400px\" \/><\/span><\/div><div class=\"fusion-text fusion-text-7 pannelloTestoDomande\"><p>A) Schl\u00fcsselblume<br \/>\nB) Linde<br \/>\nC) Borretsch<\/p>\n<\/div><\/div><\/div><div class=\"fusion-layout-column fusion_builder_column fusion-builder-column-5 fusion_builder_column_1_4 1_4 fusion-flex-column\" style=\"--awb-padding-right:20px;--awb-padding-left:20px;--awb-bg-size:cover;--awb-width-large:25%;--awb-margin-top-large:0px;--awb-spacing-right-large:7.68%;--awb-margin-bottom-large:20px;--awb-spacing-left-large:7.68%;--awb-width-medium:100%;--awb-order-medium:0;--awb-spacing-right-medium:1.92%;--awb-spacing-left-medium:1.92%;--awb-width-small:100%;--awb-order-small:0;--awb-spacing-right-small:1.92%;--awb-spacing-left-small:1.92%;\"><div class=\"fusion-column-wrapper fusion-column-has-shadow fusion-flex-justify-content-flex-start fusion-content-layout-column\"><div class=\"fusion-image-element \" style=\"--awb-margin-bottom:15px;--awb-max-width:160px;--awb-caption-title-font-family:var(--h2_typography-font-family);--awb-caption-title-font-weight:var(--h2_typography-font-weight);--awb-caption-title-font-style:var(--h2_typography-font-style);--awb-caption-title-size:var(--h2_typography-font-size);--awb-caption-title-transform:var(--h2_typography-text-transform);--awb-caption-title-line-height:var(--h2_typography-line-height);--awb-caption-title-letter-spacing:var(--h2_typography-letter-spacing);\"><span class=\" fusion-imageframe imageframe-none imageframe-5 hover-type-none\"><img decoding=\"async\" width=\"600\" height=\"600\" title=\"Robinia\" src=\"https:\/\/www.neggio.ch\/wp-content\/uploads\/2022\/05\/Robinia.png\" data-orig-src=\"https:\/\/www.neggio.ch\/wp-content\/uploads\/2022\/05\/Robinia-600x600.png\" alt class=\"lazyload img-responsive wp-image-4399\" srcset=\"data:image\/svg+xml,%3Csvg%20xmlns%3D%27http%3A%2F%2Fwww.w3.org%2F2000%2Fsvg%27%20width%3D%27708%27%20height%3D%27708%27%20viewBox%3D%270%200%20708%20708%27%3E%3Crect%20width%3D%27708%27%20height%3D%27708%27%20fill-opacity%3D%220%22%2F%3E%3C%2Fsvg%3E\" data-srcset=\"https:\/\/www.neggio.ch\/wp-content\/uploads\/2022\/05\/Robinia-200x200.png 200w, https:\/\/www.neggio.ch\/wp-content\/uploads\/2022\/05\/Robinia-400x400.png 400w, https:\/\/www.neggio.ch\/wp-content\/uploads\/2022\/05\/Robinia-600x600.png 600w, https:\/\/www.neggio.ch\/wp-content\/uploads\/2022\/05\/Robinia.png 708w\" data-sizes=\"auto\" data-orig-sizes=\"(max-width: 1024px) 100vw, (max-width: 640px) 100vw, 400px\" \/><\/span><\/div><div class=\"fusion-text fusion-text-8 pannelloTestoDomande\"><p>A) Linde<br \/>\nB) Robinie<br \/>\nC) Borretsch<\/p>\n<\/div><\/div><\/div><div class=\"fusion-layout-column fusion_builder_column fusion-builder-column-6 fusion_builder_column_1_4 1_4 fusion-flex-column\" style=\"--awb-padding-right:20px;--awb-padding-left:20px;--awb-bg-size:cover;--awb-width-large:25%;--awb-margin-top-large:0px;--awb-spacing-right-large:7.68%;--awb-margin-bottom-large:20px;--awb-spacing-left-large:7.68%;--awb-width-medium:100%;--awb-order-medium:0;--awb-spacing-right-medium:1.92%;--awb-spacing-left-medium:1.92%;--awb-width-small:100%;--awb-order-small:0;--awb-spacing-right-small:1.92%;--awb-spacing-left-small:1.92%;\"><div class=\"fusion-column-wrapper fusion-column-has-shadow fusion-flex-justify-content-flex-start fusion-content-layout-column\"><div class=\"fusion-image-element \" style=\"--awb-margin-bottom:15px;--awb-max-width:160px;--awb-caption-title-font-family:var(--h2_typography-font-family);--awb-caption-title-font-weight:var(--h2_typography-font-weight);--awb-caption-title-font-style:var(--h2_typography-font-style);--awb-caption-title-size:var(--h2_typography-font-size);--awb-caption-title-transform:var(--h2_typography-text-transform);--awb-caption-title-line-height:var(--h2_typography-line-height);--awb-caption-title-letter-spacing:var(--h2_typography-letter-spacing);\"><span class=\" fusion-imageframe imageframe-none imageframe-6 hover-type-none\"><img decoding=\"async\" width=\"600\" height=\"600\" title=\"tiglio\" src=\"https:\/\/www.neggio.ch\/wp-content\/uploads\/2022\/05\/tiglio.png\" data-orig-src=\"https:\/\/www.neggio.ch\/wp-content\/uploads\/2022\/05\/tiglio-600x600.png\" alt class=\"lazyload img-responsive wp-image-4403\" srcset=\"data:image\/svg+xml,%3Csvg%20xmlns%3D%27http%3A%2F%2Fwww.w3.org%2F2000%2Fsvg%27%20width%3D%27706%27%20height%3D%27706%27%20viewBox%3D%270%200%20706%20706%27%3E%3Crect%20width%3D%27706%27%20height%3D%27706%27%20fill-opacity%3D%220%22%2F%3E%3C%2Fsvg%3E\" data-srcset=\"https:\/\/www.neggio.ch\/wp-content\/uploads\/2022\/05\/tiglio-200x200.png 200w, https:\/\/www.neggio.ch\/wp-content\/uploads\/2022\/05\/tiglio-400x400.png 400w, https:\/\/www.neggio.ch\/wp-content\/uploads\/2022\/05\/tiglio-600x600.png 600w, https:\/\/www.neggio.ch\/wp-content\/uploads\/2022\/05\/tiglio.png 706w\" data-sizes=\"auto\" data-orig-sizes=\"(max-width: 1024px) 100vw, (max-width: 640px) 100vw, 400px\" \/><\/span><\/div><div class=\"fusion-text fusion-text-9 pannelloTestoDomande\"><p>A) Robinie<br \/>\nB) Schl\u00fcsselblume<br \/>\nC) Linde<\/p>\n<\/div><\/div><\/div><div class=\"fusion-layout-column fusion_builder_column fusion-builder-column-7 fusion_builder_column_1_1 1_1 fusion-flex-column\" style=\"--awb-bg-size:cover;--awb-width-large:100%;--awb-margin-top-large:0px;--awb-spacing-right-large:1.92%;--awb-margin-bottom-large:20px;--awb-spacing-left-large:1.92%;--awb-width-medium:100%;--awb-order-medium:0;--awb-spacing-right-medium:1.92%;--awb-spacing-left-medium:1.92%;--awb-width-small:100%;--awb-order-small:0;--awb-spacing-right-small:1.92%;--awb-spacing-left-small:1.92%;\"><div class=\"fusion-column-wrapper fusion-column-has-shadow fusion-flex-justify-content-flex-start fusion-content-layout-column\"><div class=\"fusion-text fusion-text-10\" style=\"--awb-content-alignment:center;--awb-font-size:14px;\"><p style=\"text-align: center;\"><a href=\"https:\/\/www.neggio.ch\/de\/lehrpfad\/geschmack\/antworten\/\">Klicken Sie hier f\u00fcr die richtigen Antworten<\/a><\/p>\n<\/div><\/div><\/div><\/div><\/div><\/p>\n","protected":false},"excerpt":{"rendered":"","protected":false},"author":1,"featured_media":0,"parent":4182,"menu_order":0,"comment_status":"closed","ping_status":"closed","template":"PannelliSentieri.php","meta":{"footnotes":""},"class_list":["post-4451","page","type-page","status-publish","hentry"],"_links":{"self":[{"href":"https:\/\/www.neggio.ch\/de\/wp-json\/wp\/v2\/pages\/4451","targetHints":{"allow":["GET"]}}],"collection":[{"href":"https:\/\/www.neggio.ch\/de\/wp-json\/wp\/v2\/pages"}],"about":[{"href":"https:\/\/www.neggio.ch\/de\/wp-json\/wp\/v2\/types\/page"}],"author":[{"embeddable":true,"href":"https:\/\/www.neggio.ch\/de\/wp-json\/wp\/v2\/users\/1"}],"replies":[{"embeddable":true,"href":"https:\/\/www.neggio.ch\/de\/wp-json\/wp\/v2\/comments?post=4451"}],"version-history":[{"count":4,"href":"https:\/\/www.neggio.ch\/de\/wp-json\/wp\/v2\/pages\/4451\/revisions"}],"predecessor-version":[{"id":4808,"href":"https:\/\/www.neggio.ch\/de\/wp-json\/wp\/v2\/pages\/4451\/revisions\/4808"}],"up":[{"embeddable":true,"href":"https:\/\/www.neggio.ch\/de\/wp-json\/wp\/v2\/pages\/4182"}],"wp:attachment":[{"href":"https:\/\/www.neggio.ch\/de\/wp-json\/wp\/v2\/media?parent=4451"}],"curies":[{"name":"wp","href":"https:\/\/api.w.org\/{rel}","templated":true}]}}