{"id":4752,"date":"2022-05-31T09:13:32","date_gmt":"2022-05-31T07:13:32","guid":{"rendered":"https:\/\/www.neggio.ch\/lehrpfad\/sehen\/tingere-tessuto\/"},"modified":"2022-05-31T09:43:14","modified_gmt":"2022-05-31T07:43:14","slug":"faerbe-einen-stoff","status":"publish","type":"page","link":"https:\/\/www.neggio.ch\/de\/lehrpfad\/sehen\/faerbe-einen-stoff\/","title":{"rendered":"F\u00e4rbe einen Stoff"},"content":{"rendered":"<p><div class=\"fusion-fullwidth fullwidth-box fusion-builder-row-1 fusion-flex-container nonhundred-percent-fullwidth non-hundred-percent-height-scrolling\" style=\"--awb-border-color:#00783f;--awb-border-radius-top-left:0px;--awb-border-radius-top-right:0px;--awb-border-radius-bottom-right:0px;--awb-border-radius-bottom-left:0px;--awb-padding-top:120px;--awb-background-color:rgba(255,255,255,0);--awb-flex-wrap:wrap;\" ><div class=\"fusion-builder-row fusion-row fusion-flex-align-items-flex-start fusion-flex-content-wrap\" style=\"max-width:1248px;margin-left: calc(-4% \/ 2 );margin-right: calc(-4% \/ 2 );\"><div class=\"fusion-layout-column fusion_builder_column fusion-builder-column-0 fusion_builder_column_1_2 1_2 fusion-flex-column\" style=\"--awb-bg-size:cover;--awb-width-large:50%;--awb-margin-top-large:0px;--awb-spacing-right-large:3.84%;--awb-margin-bottom-large:20px;--awb-spacing-left-large:3.84%;--awb-width-medium:100%;--awb-order-medium:0;--awb-spacing-right-medium:1.92%;--awb-spacing-left-medium:1.92%;--awb-width-small:100%;--awb-order-small:0;--awb-spacing-right-small:1.92%;--awb-spacing-left-small:1.92%;\"><div class=\"fusion-column-wrapper fusion-column-has-shadow fusion-flex-justify-content-flex-start fusion-content-layout-column\"><div class=\"fusion-title title fusion-title-1 fusion-sep-none fusion-title-text fusion-title-size-one pannelloTitolo\" style=\"--awb-text-color:#4b858e;--awb-margin-top-small:0px;--awb-margin-right-small:0px;--awb-margin-left-small:0px;\"><h1 class=\"fusion-title-heading title-heading-left fusion-responsive-typography-calculated\" style=\"margin:0;--fontSize:48;line-height:1.12;\">F\u00e4rbe einen Stoff<\/h1><\/div><\/div><\/div><div class=\"fusion-layout-column fusion_builder_column fusion-builder-column-1 fusion_builder_column_1_2 1_2 fusion-flex-column\" style=\"--awb-bg-size:cover;--awb-width-large:50%;--awb-margin-top-large:0px;--awb-spacing-right-large:3.84%;--awb-margin-bottom-large:20px;--awb-spacing-left-large:3.84%;--awb-width-medium:100%;--awb-order-medium:0;--awb-spacing-right-medium:1.92%;--awb-spacing-left-medium:1.92%;--awb-width-small:100%;--awb-order-small:0;--awb-spacing-right-small:1.92%;--awb-spacing-left-small:1.92%;\"><div class=\"fusion-column-wrapper fusion-column-has-shadow fusion-flex-justify-content-flex-start fusion-content-layout-column\"><div class=\"fusion-text fusion-text-1 pannelloHashtag\"><h3>#conoscoilbosco<\/h3>\n<p>Lehrpfad \u2013 Gemeinde Neggio<\/p>\n<\/div><\/div><\/div><\/div><\/div><div class=\"fusion-fullwidth fullwidth-box fusion-builder-row-2 fusion-flex-container nonhundred-percent-fullwidth non-hundred-percent-height-scrolling boxDomanda\" style=\"--awb-border-sizes-top:4px;--awb-border-sizes-bottom:4px;--awb-border-sizes-left:4px;--awb-border-sizes-right:4px;--awb-border-color:#4b858e;--awb-border-radius-top-left:0px;--awb-border-radius-top-right:0px;--awb-border-radius-bottom-right:0px;--awb-border-radius-bottom-left:0px;--awb-padding-right:6%;--awb-padding-bottom:1%;--awb-padding-left:6%;--awb-background-color:rgba(255,255,255,0);--awb-flex-wrap:wrap;\" ><div class=\"fusion-builder-row fusion-row fusion-flex-align-items-flex-start fusion-flex-content-wrap\" style=\"max-width:1248px;margin-left: calc(-4% \/ 2 );margin-right: calc(-4% \/ 2 );\"><div class=\"fusion-layout-column fusion_builder_column fusion-builder-column-2 fusion_builder_column_1_1 1_1 fusion-flex-column\" style=\"--awb-bg-size:cover;--awb-width-large:100%;--awb-margin-top-large:0px;--awb-spacing-right-large:1.92%;--awb-margin-bottom-large:20px;--awb-spacing-left-large:1.92%;--awb-width-medium:100%;--awb-order-medium:0;--awb-spacing-right-medium:1.92%;--awb-spacing-left-medium:1.92%;--awb-width-small:100%;--awb-order-small:0;--awb-spacing-right-small:1.92%;--awb-spacing-left-small:1.92%;\"><div class=\"fusion-column-wrapper fusion-column-has-shadow fusion-flex-justify-content-flex-start fusion-content-layout-column\"><div class=\"fusion-title title fusion-title-2 fusion-sep-none fusion-title-center fusion-title-text fusion-title-size-one pannelloTitolo\" style=\"--awb-text-color:#4b858e;--awb-margin-top-small:0px;--awb-margin-right-small:0px;--awb-margin-left-small:0px;\"><h1 class=\"fusion-title-heading title-heading-center fusion-responsive-typography-calculated\" style=\"margin:0;--fontSize:48;line-height:1.12;\">Wie f\u00e4rbt man einen nat\u00fcrlichen Stoff mit nat\u00fcrlichen Farben ein?<\/h1><\/div><\/div><\/div><div class=\"fusion-layout-column fusion_builder_column fusion-builder-column-3 fusion_builder_column_1_1 1_1 fusion-flex-column\" style=\"--awb-padding-right:20px;--awb-padding-left:20px;--awb-bg-size:cover;--awb-width-large:100%;--awb-margin-top-large:0px;--awb-spacing-right-large:1.92%;--awb-margin-bottom-large:20px;--awb-spacing-left-large:1.92%;--awb-width-medium:100%;--awb-order-medium:0;--awb-spacing-right-medium:1.92%;--awb-spacing-left-medium:1.92%;--awb-width-small:100%;--awb-order-small:0;--awb-spacing-right-small:1.92%;--awb-spacing-left-small:1.92%;\"><div class=\"fusion-column-wrapper fusion-column-has-shadow fusion-flex-justify-content-flex-start fusion-content-layout-column\"><div class=\"fusion-text fusion-text-2 pannelloTestoDomande\"><p>Viele verbreitete Pflanzen k\u00f6nnen zur Herstellung eines selbstgemachten nat\u00fcrlichen Farbstoffs verwendet werden. Um den Farbstoff aus der Pflanze zu gewinnen, sind folgende Schritte notwendig:<\/p>\n<p>1) Die Pflanze mit einem K\u00fcchenmesser in kleine St\u00fccke schneiden.<br \/>\n2) Zwei Anteile Wasser und einen Anteil Pflanzen in einen grossen Topf geben und bei starker Hitze zum Kochen bringen.<br \/>\n3) Die Hitze reduzieren und eine Stunde lang k\u00f6cheln lassen.<br \/>\n4) Die Pflanzenbestandteile abseihen und die gef\u00e4rbte Fl\u00fcssigkeit in eine grosse Sch\u00fcssel f\u00fcr das F\u00e4rbebad giessen.<br \/>\n5) Wenn Beeren verwendet werden, diese etwa f\u00fcnfzehn Minuten lang kochen oder solange, bis sich die Farbe der Beeren mit dem Wasser vermischt. Die Beeren durch ein Sieb streichen und die gef\u00e4rbte Fl\u00fcssigkeit in eine grosse Sch\u00fcssel giessen.<\/p>\n<p>Welche Farbe lassen sich aus Pflanzen und Beeren gewinnen:<br \/>\n<strong>Orange<\/strong>: Zwiebelschalen und Karottenwurzeln<br \/>\n<strong>Braun<\/strong>: Kaffee, Tee, N\u00fcsse und L\u00f6wenzahnwurzeln<br \/>\n<strong>Rosa<\/strong>: Himbeeren, Kirschen und Erdbeeren<br \/>\n<strong>Blau\/Violett<\/strong>: Rotkohl, Blaubeeren, violette Weintrauben, Kornblumenbl\u00fcten<br \/>\n<strong>Rot<\/strong>: Rote Beete, Hagebutten<br \/>\n<strong>Schwarz<\/strong>: Schwertlilienwurzeln<br \/>\n<strong>Gr\u00fcn<\/strong>: Artischocken, Blattspinat<br \/>\n<strong>Gelb<\/strong>: Selleriebl\u00e4tter, Kurkuma, Weidenbl\u00e4tter, Ringelblumenbl\u00fcten, Pfirsichbl\u00e4tter, Schafgarbe<\/p>\n<p>Um Stoffe zu f\u00e4rben (z. B. ein weisses Baumwoll-T-Shirt) legt man sie in die gewonnene Farbe und kocht sie 30-60 Minuten bei schwacher Hitze, nachdem man sie in einem Fixiermittel gebadet hat (125 ml Salz und 2 L\u00f6ffel kaltes Wasser f\u00fcr Beerenfarbstoffe, ein Anteil weisser Essig und vier Anteile kaltes Wasser f\u00fcr Farbstoffe mit anderen Pflanzen). Bei der ersten W\u00e4sche die gef\u00e4rbten Stoffe nur in kaltem Wasser waschen.<\/p>\n<\/div><\/div><\/div><div class=\"fusion-layout-column fusion_builder_column fusion-builder-column-4 fusion_builder_column_1_1 1_1 fusion-flex-column\" style=\"--awb-bg-size:cover;--awb-width-large:100%;--awb-margin-top-large:0px;--awb-spacing-right-large:1.92%;--awb-margin-bottom-large:20px;--awb-spacing-left-large:1.92%;--awb-width-medium:100%;--awb-order-medium:0;--awb-spacing-right-medium:1.92%;--awb-spacing-left-medium:1.92%;--awb-width-small:100%;--awb-order-small:0;--awb-spacing-right-small:1.92%;--awb-spacing-left-small:1.92%;\"><div class=\"fusion-column-wrapper fusion-column-has-shadow fusion-flex-justify-content-flex-start fusion-content-layout-column\"><\/div><\/div><\/div><\/div><\/p>\n","protected":false},"excerpt":{"rendered":"","protected":false},"author":1,"featured_media":0,"parent":4600,"menu_order":0,"comment_status":"closed","ping_status":"closed","template":"pannelloOlfatto.php","meta":{"footnotes":""},"class_list":["post-4752","page","type-page","status-publish","hentry"],"_links":{"self":[{"href":"https:\/\/www.neggio.ch\/de\/wp-json\/wp\/v2\/pages\/4752","targetHints":{"allow":["GET"]}}],"collection":[{"href":"https:\/\/www.neggio.ch\/de\/wp-json\/wp\/v2\/pages"}],"about":[{"href":"https:\/\/www.neggio.ch\/de\/wp-json\/wp\/v2\/types\/page"}],"author":[{"embeddable":true,"href":"https:\/\/www.neggio.ch\/de\/wp-json\/wp\/v2\/users\/1"}],"replies":[{"embeddable":true,"href":"https:\/\/www.neggio.ch\/de\/wp-json\/wp\/v2\/comments?post=4752"}],"version-history":[{"count":3,"href":"https:\/\/www.neggio.ch\/de\/wp-json\/wp\/v2\/pages\/4752\/revisions"}],"predecessor-version":[{"id":4755,"href":"https:\/\/www.neggio.ch\/de\/wp-json\/wp\/v2\/pages\/4752\/revisions\/4755"}],"up":[{"embeddable":true,"href":"https:\/\/www.neggio.ch\/de\/wp-json\/wp\/v2\/pages\/4600"}],"wp:attachment":[{"href":"https:\/\/www.neggio.ch\/de\/wp-json\/wp\/v2\/media?parent=4752"}],"curies":[{"name":"wp","href":"https:\/\/api.w.org\/{rel}","templated":true}]}}