{"id":4179,"date":"2022-05-17T10:24:16","date_gmt":"2022-05-17T08:24:16","guid":{"rendered":"https:\/\/www.neggio.ch\/pannello-principale\/"},"modified":"2022-05-31T10:39:19","modified_gmt":"2022-05-31T08:39:19","slug":"parcours-educatif","status":"publish","type":"page","link":"https:\/\/www.neggio.ch\/fr\/parcours-educatif\/","title":{"rendered":"Parcours \u00e9ducatif"},"content":{"rendered":"<div class=\"fusion-fullwidth fullwidth-box fusion-builder-row-1 fusion-flex-container nonhundred-percent-fullwidth non-hundred-percent-height-scrolling\" style=\"--awb-border-color:#00783f;--awb-border-radius-top-left:0px;--awb-border-radius-top-right:0px;--awb-border-radius-bottom-right:0px;--awb-border-radius-bottom-left:0px;--awb-padding-top:120px;--awb-background-color:rgba(255,255,255,0);--awb-flex-wrap:wrap;\" ><div class=\"fusion-builder-row fusion-row fusion-flex-align-items-flex-start fusion-flex-content-wrap\" style=\"max-width:1248px;margin-left: calc(-4% \/ 2 );margin-right: calc(-4% \/ 2 );\"><div class=\"fusion-layout-column fusion_builder_column fusion-builder-column-0 fusion_builder_column_1_2 1_2 fusion-flex-column\" style=\"--awb-bg-size:cover;--awb-width-large:50%;--awb-margin-top-large:0px;--awb-spacing-right-large:3.84%;--awb-margin-bottom-large:20px;--awb-spacing-left-large:3.84%;--awb-width-medium:100%;--awb-order-medium:0;--awb-spacing-right-medium:1.92%;--awb-spacing-left-medium:1.92%;--awb-width-small:100%;--awb-order-small:0;--awb-spacing-right-small:1.92%;--awb-spacing-left-small:1.92%;\"><div class=\"fusion-column-wrapper fusion-column-has-shadow fusion-flex-justify-content-flex-start fusion-content-layout-column\"><div class=\"fusion-title title fusion-title-1 fusion-sep-none fusion-title-text fusion-title-size-one pannelloTitolo\" style=\"--awb-text-color:#00783f;--awb-margin-top-small:0px;--awb-margin-right-small:0px;--awb-margin-left-small:0px;\"><h1 class=\"fusion-title-heading title-heading-left fusion-responsive-typography-calculated\" style=\"margin:0;--fontSize:48;line-height:1.12;\">Bienvenue<\/h1><\/div><div class=\"fusion-image-element \" style=\"text-align:left;--awb-caption-title-font-family:var(--h2_typography-font-family);--awb-caption-title-font-weight:var(--h2_typography-font-weight);--awb-caption-title-font-style:var(--h2_typography-font-style);--awb-caption-title-size:var(--h2_typography-font-size);--awb-caption-title-transform:var(--h2_typography-text-transform);--awb-caption-title-line-height:var(--h2_typography-line-height);--awb-caption-title-letter-spacing:var(--h2_typography-letter-spacing);\"><span class=\" fusion-imageframe imageframe-none imageframe-1 hover-type-none\"><img decoding=\"async\" width=\"1200\" height=\"849\" title=\"img-2\" src=\"https:\/\/www.neggio.ch\/wp-content\/uploads\/2022\/05\/img-2.png\" data-orig-src=\"https:\/\/www.neggio.ch\/wp-content\/uploads\/2022\/05\/img-2-1200x849.png\" alt class=\"lazyload img-responsive wp-image-4495\" srcset=\"data:image\/svg+xml,%3Csvg%20xmlns%3D%27http%3A%2F%2Fwww.w3.org%2F2000%2Fsvg%27%20width%3D%272346%27%20height%3D%271659%27%20viewBox%3D%270%200%202346%201659%27%3E%3Crect%20width%3D%272346%27%20height%3D%271659%27%20fill-opacity%3D%220%22%2F%3E%3C%2Fsvg%3E\" data-srcset=\"https:\/\/www.neggio.ch\/wp-content\/uploads\/2022\/05\/img-2-200x141.png 200w, https:\/\/www.neggio.ch\/wp-content\/uploads\/2022\/05\/img-2-400x283.png 400w, https:\/\/www.neggio.ch\/wp-content\/uploads\/2022\/05\/img-2-600x424.png 600w, https:\/\/www.neggio.ch\/wp-content\/uploads\/2022\/05\/img-2-800x566.png 800w, https:\/\/www.neggio.ch\/wp-content\/uploads\/2022\/05\/img-2-1200x849.png 1200w\" data-sizes=\"auto\" data-orig-sizes=\"(max-width: 1024px) 100vw, (max-width: 640px) 100vw, 600px\" \/><\/span><\/div><div class=\"fusion-title title fusion-title-2 fusion-sep-none fusion-title-text fusion-title-size-one pannelloTitolo\" style=\"--awb-text-color:#00783f;--awb-margin-top-small:0px;--awb-margin-right-small:0px;--awb-margin-left-small:0px;\"><h1 class=\"fusion-title-heading title-heading-left fusion-responsive-typography-calculated\" style=\"margin:0;--fontSize:48;line-height:1.12;\">Conna\u00eetre<br \/>\net partager<\/h1><\/div><div class=\"fusion-text fusion-text-1 pannelloTesto\"><p>Si on veut prendre soin de la for\u00eat et de soi-m\u00eame, il faut savoir. Savoir comment les choses fonctionnent, ce qui est utile et ce qui ne l\u2019est pas. Il faut apprendre, se mettre \u00e0 l\u2019\u00e9coute. Le long du parcours, des panneaux didactiques expliquent, en faisant appel \u00e0 nos cinq sens, certaines particularit\u00e9s de la for\u00eat et de son histoire. Ils vous invitent \u00e0 faire des exp\u00e9riences et \u00e0 r\u00e9pondre \u00e0 des questions pour tester vos connaissances. Pour apprendre et partager avec les autres.<br \/>\nPour pouvoir \u00e9crire : #jeconnaislafor\u00eat<\/p>\n<\/div><div class=\"fusion-image-element \" style=\"--awb-caption-title-font-family:var(--h2_typography-font-family);--awb-caption-title-font-weight:var(--h2_typography-font-weight);--awb-caption-title-font-style:var(--h2_typography-font-style);--awb-caption-title-size:var(--h2_typography-font-size);--awb-caption-title-transform:var(--h2_typography-text-transform);--awb-caption-title-line-height:var(--h2_typography-line-height);--awb-caption-title-letter-spacing:var(--h2_typography-letter-spacing);\"><span class=\" fusion-imageframe imageframe-none imageframe-2 hover-type-none\"><img decoding=\"async\" width=\"600\" height=\"560\" title=\"mappa_neggio_FR_res\" src=\"https:\/\/www.neggio.ch\/wp-content\/uploads\/2022\/05\/mappa_neggio_FR_res.png\" data-orig-src=\"https:\/\/www.neggio.ch\/wp-content\/uploads\/2022\/05\/mappa_neggio_FR_res-600x560.png\" alt class=\"lazyload img-responsive wp-image-4490\" srcset=\"data:image\/svg+xml,%3Csvg%20xmlns%3D%27http%3A%2F%2Fwww.w3.org%2F2000%2Fsvg%27%20width%3D%27800%27%20height%3D%27747%27%20viewBox%3D%270%200%20800%20747%27%3E%3Crect%20width%3D%27800%27%20height%3D%27747%27%20fill-opacity%3D%220%22%2F%3E%3C%2Fsvg%3E\" data-srcset=\"https:\/\/www.neggio.ch\/wp-content\/uploads\/2022\/05\/mappa_neggio_FR_res-200x187.png 200w, https:\/\/www.neggio.ch\/wp-content\/uploads\/2022\/05\/mappa_neggio_FR_res-400x374.png 400w, https:\/\/www.neggio.ch\/wp-content\/uploads\/2022\/05\/mappa_neggio_FR_res-600x560.png 600w, https:\/\/www.neggio.ch\/wp-content\/uploads\/2022\/05\/mappa_neggio_FR_res.png 800w\" data-sizes=\"auto\" data-orig-sizes=\"(max-width: 1024px) 100vw, (max-width: 640px) 100vw, 600px\" \/><\/span><\/div><\/div><\/div><div class=\"fusion-layout-column fusion_builder_column fusion-builder-column-1 fusion_builder_column_1_2 1_2 fusion-flex-column\" style=\"--awb-bg-size:cover;--awb-width-large:50%;--awb-margin-top-large:0px;--awb-spacing-right-large:3.84%;--awb-margin-bottom-large:20px;--awb-spacing-left-large:3.84%;--awb-width-medium:100%;--awb-order-medium:0;--awb-spacing-right-medium:1.92%;--awb-spacing-left-medium:1.92%;--awb-width-small:100%;--awb-order-small:0;--awb-spacing-right-small:1.92%;--awb-spacing-left-small:1.92%;\"><div class=\"fusion-column-wrapper fusion-column-has-shadow fusion-flex-justify-content-flex-start fusion-content-layout-column\"><div class=\"fusion-text fusion-text-2 pannelloHashtag\"><h3>#jeconnaislafor\u00eat<\/h3>\n<p>parcours \u00e9ducatif \u2013 Commune de Neggio<\/p>\n<\/div><div class=\"fusion-title title fusion-title-3 fusion-sep-none fusion-title-text fusion-title-size-one pannelloTitolo\" style=\"--awb-text-color:#00783f;--awb-margin-top-small:0px;--awb-margin-right-small:0px;--awb-margin-left-small:0px;\"><h1 class=\"fusion-title-heading title-heading-left fusion-responsive-typography-calculated\" style=\"margin:0;--fontSize:48;line-height:1.12;\">Prendre soin<\/h1><\/div><div class=\"fusion-text fusion-text-3 pannelloTesto\"><p>Ce parcours le long de la route foresti\u00e8re est n\u00e9 de la volont\u00e9 de prendre soin de la nature. Des travaux dans la for\u00eat sont n\u00e9cessaires pour la rendre s\u00fbre et utilisable ; en m\u00eame temps, ces travaux doivent permettre \u00e0 l\u2019\u00e9cosyst\u00e8me de se d\u00e9velopper.<br \/>\nCependant, nous voulons que ce parcours prenne \u00e9galement soin de nous, de notre corps et de notre esprit, de notre bien-\u00eatre physique et mental. C\u2019est pourquoi des \u00e9quipements ont \u00e9t\u00e9 plac\u00e9s le long du parcours pour permettre des exercices physiques en plein air et des exp\u00e9riences sensorielles.<\/p>\n<\/div><div class=\"fusion-image-element \" style=\"--awb-margin-top:35px;--awb-caption-title-font-family:var(--h2_typography-font-family);--awb-caption-title-font-weight:var(--h2_typography-font-weight);--awb-caption-title-font-style:var(--h2_typography-font-style);--awb-caption-title-size:var(--h2_typography-font-size);--awb-caption-title-transform:var(--h2_typography-text-transform);--awb-caption-title-line-height:var(--h2_typography-line-height);--awb-caption-title-letter-spacing:var(--h2_typography-letter-spacing);\"><span class=\" fusion-imageframe imageframe-none imageframe-3 hover-type-none\"><img decoding=\"async\" width=\"1200\" height=\"1179\" title=\"img-4\" src=\"https:\/\/www.neggio.ch\/wp-content\/uploads\/2022\/05\/img-4.png\" data-orig-src=\"https:\/\/www.neggio.ch\/wp-content\/uploads\/2022\/05\/img-4-1200x1179.png\" alt class=\"lazyload img-responsive wp-image-4496\" srcset=\"data:image\/svg+xml,%3Csvg%20xmlns%3D%27http%3A%2F%2Fwww.w3.org%2F2000%2Fsvg%27%20width%3D%272425%27%20height%3D%272383%27%20viewBox%3D%270%200%202425%202383%27%3E%3Crect%20width%3D%272425%27%20height%3D%272383%27%20fill-opacity%3D%220%22%2F%3E%3C%2Fsvg%3E\" data-srcset=\"https:\/\/www.neggio.ch\/wp-content\/uploads\/2022\/05\/img-4-200x197.png 200w, https:\/\/www.neggio.ch\/wp-content\/uploads\/2022\/05\/img-4-400x393.png 400w, https:\/\/www.neggio.ch\/wp-content\/uploads\/2022\/05\/img-4-600x590.png 600w, https:\/\/www.neggio.ch\/wp-content\/uploads\/2022\/05\/img-4-800x786.png 800w, https:\/\/www.neggio.ch\/wp-content\/uploads\/2022\/05\/img-4-1200x1179.png 1200w\" data-sizes=\"auto\" data-orig-sizes=\"(max-width: 1024px) 100vw, (max-width: 640px) 100vw, 600px\" \/><\/span><\/div><div class=\"fusion-title title fusion-title-4 fusion-sep-none fusion-title-text fusion-title-size-one pannelloTitolo\" style=\"--awb-text-color:#00783f;--awb-margin-top:35px;--awb-margin-top-small:0px;--awb-margin-right-small:0px;--awb-margin-left-small:0px;\"><h1 class=\"fusion-title-heading title-heading-left fusion-responsive-typography-calculated\" style=\"margin:0;--fontSize:48;line-height:1.12;\">\u00c0 toi de jouer !<\/h1><\/div><div class=\"fusion-text fusion-text-4 pannelloHashtag\"><p><a href=\"https:\/\/www.neggio.ch\/fr\/parcours-educatif\/ouie\/\">2. Ou\u00efe<\/a><br \/>\n<a href=\"https:\/\/www.neggio.ch\/fr\/parcours-educatif\/odorat\/\">3. Odorat<\/a><br \/>\n<a href=\"https:\/\/www.neggio.ch\/fr\/parcours-educatif\/toucher\/\">4. Toucher<\/a><br \/>\n<a href=\"https:\/\/www.neggio.ch\/fr\/parcours-educatif\/vue\/\">5. Vue<\/a><br \/>\n<a href=\"https:\/\/www.neggio.ch\/fr\/parcours-educatif\/gout\/\">6. Go\u00fbt<\/a><\/p>\n<\/div><\/div><\/div><\/div><\/div>\n","protected":false},"excerpt":{"rendered":"","protected":false},"author":1,"featured_media":0,"parent":0,"menu_order":0,"comment_status":"closed","ping_status":"closed","template":"PannelliSentieri.php","meta":{"footnotes":""},"class_list":["post-4179","page","type-page","status-publish","hentry"],"_links":{"self":[{"href":"https:\/\/www.neggio.ch\/fr\/wp-json\/wp\/v2\/pages\/4179","targetHints":{"allow":["GET"]}}],"collection":[{"href":"https:\/\/www.neggio.ch\/fr\/wp-json\/wp\/v2\/pages"}],"about":[{"href":"https:\/\/www.neggio.ch\/fr\/wp-json\/wp\/v2\/types\/page"}],"author":[{"embeddable":true,"href":"https:\/\/www.neggio.ch\/fr\/wp-json\/wp\/v2\/users\/1"}],"replies":[{"embeddable":true,"href":"https:\/\/www.neggio.ch\/fr\/wp-json\/wp\/v2\/comments?post=4179"}],"version-history":[{"count":6,"href":"https:\/\/www.neggio.ch\/fr\/wp-json\/wp\/v2\/pages\/4179\/revisions"}],"predecessor-version":[{"id":4187,"href":"https:\/\/www.neggio.ch\/fr\/wp-json\/wp\/v2\/pages\/4179\/revisions\/4187"}],"wp:attachment":[{"href":"https:\/\/www.neggio.ch\/fr\/wp-json\/wp\/v2\/media?parent=4179"}],"curies":[{"name":"wp","href":"https:\/\/api.w.org\/{rel}","templated":true}]}}