{"id":4549,"date":"2022-05-27T14:47:35","date_gmt":"2022-05-27T12:47:35","guid":{"rendered":"https:\/\/www.neggio.ch\/parcours-educatif\/tatto\/"},"modified":"2022-05-31T11:20:59","modified_gmt":"2022-05-31T09:20:59","slug":"toucher","status":"publish","type":"page","link":"https:\/\/www.neggio.ch\/fr\/parcours-educatif\/toucher\/","title":{"rendered":"Toucher"},"content":{"rendered":"<p><div class=\"fusion-fullwidth fullwidth-box fusion-builder-row-1 fusion-flex-container nonhundred-percent-fullwidth non-hundred-percent-height-scrolling\" style=\"--awb-border-color:#00783f;--awb-border-radius-top-left:0px;--awb-border-radius-top-right:0px;--awb-border-radius-bottom-right:0px;--awb-border-radius-bottom-left:0px;--awb-padding-top:120px;--awb-background-color:rgba(255,255,255,0);--awb-flex-wrap:wrap;\" ><div class=\"fusion-builder-row fusion-row fusion-flex-align-items-flex-start fusion-flex-content-wrap\" style=\"max-width:1248px;margin-left: calc(-4% \/ 2 );margin-right: calc(-4% \/ 2 );\"><div class=\"fusion-layout-column fusion_builder_column fusion-builder-column-0 fusion_builder_column_1_2 1_2 fusion-flex-column\" style=\"--awb-bg-size:cover;--awb-width-large:50%;--awb-margin-top-large:0px;--awb-spacing-right-large:3.84%;--awb-margin-bottom-large:20px;--awb-spacing-left-large:3.84%;--awb-width-medium:100%;--awb-order-medium:0;--awb-spacing-right-medium:1.92%;--awb-spacing-left-medium:1.92%;--awb-width-small:100%;--awb-order-small:0;--awb-spacing-right-small:1.92%;--awb-spacing-left-small:1.92%;\"><div class=\"fusion-column-wrapper fusion-column-has-shadow fusion-flex-justify-content-flex-start fusion-content-layout-column\"><div class=\"fusion-title title fusion-title-1 fusion-sep-none fusion-title-text fusion-title-size-one pannelloTitolo\" style=\"--awb-text-color:#00783f;--awb-margin-top-small:0px;--awb-margin-right-small:0px;--awb-margin-left-small:0px;\"><h1 class=\"fusion-title-heading title-heading-left fusion-responsive-typography-calculated\" style=\"margin:0;--fontSize:48;line-height:1.12;\">Toucher<\/h1><\/div><div class=\"fusion-image-element \" style=\"text-align:left;--awb-caption-title-font-family:var(--h2_typography-font-family);--awb-caption-title-font-weight:var(--h2_typography-font-weight);--awb-caption-title-font-style:var(--h2_typography-font-style);--awb-caption-title-size:var(--h2_typography-font-size);--awb-caption-title-transform:var(--h2_typography-text-transform);--awb-caption-title-line-height:var(--h2_typography-line-height);--awb-caption-title-letter-spacing:var(--h2_typography-letter-spacing);\"><span class=\" fusion-imageframe imageframe-none imageframe-1 hover-type-none\"><img decoding=\"async\" width=\"600\" height=\"395\" title=\"2_tatto_vignetta_1_res\" src=\"https:\/\/www.neggio.ch\/wp-content\/uploads\/2022\/05\/2_tatto_vignetta_1_res.png\" data-orig-src=\"https:\/\/www.neggio.ch\/wp-content\/uploads\/2022\/05\/2_tatto_vignetta_1_res-600x395.png\" alt class=\"lazyload img-responsive wp-image-4509\" srcset=\"data:image\/svg+xml,%3Csvg%20xmlns%3D%27http%3A%2F%2Fwww.w3.org%2F2000%2Fsvg%27%20width%3D%271195%27%20height%3D%27787%27%20viewBox%3D%270%200%201195%20787%27%3E%3Crect%20width%3D%271195%27%20height%3D%27787%27%20fill-opacity%3D%220%22%2F%3E%3C%2Fsvg%3E\" data-srcset=\"https:\/\/www.neggio.ch\/wp-content\/uploads\/2022\/05\/2_tatto_vignetta_1_res-200x132.png 200w, https:\/\/www.neggio.ch\/wp-content\/uploads\/2022\/05\/2_tatto_vignetta_1_res-400x263.png 400w, https:\/\/www.neggio.ch\/wp-content\/uploads\/2022\/05\/2_tatto_vignetta_1_res-600x395.png 600w, https:\/\/www.neggio.ch\/wp-content\/uploads\/2022\/05\/2_tatto_vignetta_1_res-800x527.png 800w, https:\/\/www.neggio.ch\/wp-content\/uploads\/2022\/05\/2_tatto_vignetta_1_res.png 1195w\" data-sizes=\"auto\" data-orig-sizes=\"(max-width: 1024px) 100vw, (max-width: 640px) 100vw, 600px\" \/><\/span><\/div><div class=\"fusion-title title fusion-title-2 fusion-sep-none fusion-title-text fusion-title-size-one pannelloTitolo\" style=\"--awb-text-color:#00783f;--awb-margin-top-small:0px;--awb-margin-right-small:0px;--awb-margin-left-small:0px;\"><h1 class=\"fusion-title-heading title-heading-left fusion-responsive-typography-calculated\" style=\"margin:0;--fontSize:48;line-height:1.12;\">\u00c0 toi d\u2019essayer !<\/h1><\/div><div class=\"fusion-text fusion-text-1 pannelloTesto\"><p>Cherche un arbre sans \u00e9pines ou autres protub\u00e9rances dangereuses et essaie de l\u2019\u00e9treindre. C\u2019est l\u2019une des pratiques de base de la sylvoth\u00e9rapie. Selon certaines th\u00e9ories, le contact prolong\u00e9 avec un arbre peut \u00eatre b\u00e9n\u00e9fique sur le plan physique et mental. R\u00e9alit\u00e9 ou autosuggestion ?<br \/>\nQui sait. En tout cas, c\u2019est un bon exercice pour entra\u00eener ton sens du toucher \u2013 peut-\u00eatre que tu apprendras ainsi \u00e0 reconna\u00eetre un arbre les yeux ferm\u00e9s, rien qu\u2019en touchant son \u00e9corce.<\/p>\n<p>En attendant, tu peux t\u2019entra\u00eener \u00e0 reconna\u00eetre les arbres par leur \u00e9corce en utilisant votre vue \u2013<a href=\"https:\/\/www.neggio.ch\/fr\/parcours-educatif\/toucher\/ecorce\/\"> cliquez ici et d\u00e9couvrez les diff\u00e9rences.<\/a><\/p>\n<\/div><\/div><\/div><div class=\"fusion-layout-column fusion_builder_column fusion-builder-column-1 fusion_builder_column_1_2 1_2 fusion-flex-column\" style=\"--awb-bg-size:cover;--awb-width-large:50%;--awb-margin-top-large:0px;--awb-spacing-right-large:3.84%;--awb-margin-bottom-large:20px;--awb-spacing-left-large:3.84%;--awb-width-medium:100%;--awb-order-medium:0;--awb-spacing-right-medium:1.92%;--awb-spacing-left-medium:1.92%;--awb-width-small:100%;--awb-order-small:0;--awb-spacing-right-small:1.92%;--awb-spacing-left-small:1.92%;\"><div class=\"fusion-column-wrapper fusion-column-has-shadow fusion-flex-justify-content-flex-start fusion-content-layout-column\"><div class=\"fusion-text fusion-text-2 pannelloHashtag\"><h3>#conoscoilbosco<\/h3>\n<p>parcours \u00e9ducatif \u2013 Commune de Neggio<\/p>\n<\/div><div class=\"fusion-title title fusion-title-3 fusion-sep-none fusion-title-text fusion-title-size-one pannelloTitolo\" style=\"--awb-text-color:#00783f;--awb-margin-top-small:0px;--awb-margin-right-small:0px;--awb-margin-left-small:0px;\"><h1 class=\"fusion-title-heading title-heading-left fusion-responsive-typography-calculated\" style=\"margin:0;--fontSize:48;line-height:1.12;\">Sais-tu que\u2026<\/h1><\/div><div class=\"fusion-text fusion-text-3 pannelloTesto\"><p>la partie int\u00e9rieure de l\u2019\u00e9corce du m\u00e9l\u00e8ze \u00e9tait utilis\u00e9e par certains peuples alpins pour fabriquer une farine et en faire du pain ?<br \/>\nEt que l\u2019\u00e9corce de bouleau \u00e9tait utilis\u00e9e par certains peuples pour fabriquer des r\u00e9cipients \u00e9tanches ?<br \/>\nL\u2019\u00e9corce est la surface protectrice d\u2019un arbre et c\u2019est aussi la partie que nous pouvons t\u00e2ter, avec laquelle nous entrons en contact lorsque nous touchons un tronc ou tenons une branche. L\u2019\u00e9corce a beaucoup de choses \u00e0 raconter.<br \/>\nElle peut, par exemple, nous indiquer quelle est l\u2019esp\u00e8ce v\u00e9g\u00e9tale \u00e0 laquelle nous avons affaire.<\/p>\n<\/div><div class=\"fusion-image-element \" style=\"text-align:center;--awb-margin-top:20px;--awb-caption-title-font-family:var(--h2_typography-font-family);--awb-caption-title-font-weight:var(--h2_typography-font-weight);--awb-caption-title-font-style:var(--h2_typography-font-style);--awb-caption-title-size:var(--h2_typography-font-size);--awb-caption-title-transform:var(--h2_typography-text-transform);--awb-caption-title-line-height:var(--h2_typography-line-height);--awb-caption-title-letter-spacing:var(--h2_typography-letter-spacing);\"><span class=\" fusion-imageframe imageframe-none imageframe-2 hover-type-none img70\"><img decoding=\"async\" width=\"600\" height=\"542\" title=\"2_tatto_vignetta_2_res\" src=\"https:\/\/www.neggio.ch\/wp-content\/uploads\/2022\/05\/2_tatto_vignetta_2_res.png\" data-orig-src=\"https:\/\/www.neggio.ch\/wp-content\/uploads\/2022\/05\/2_tatto_vignetta_2_res-600x542.png\" alt class=\"lazyload img-responsive wp-image-4514\" srcset=\"data:image\/svg+xml,%3Csvg%20xmlns%3D%27http%3A%2F%2Fwww.w3.org%2F2000%2Fsvg%27%20width%3D%27958%27%20height%3D%27866%27%20viewBox%3D%270%200%20958%20866%27%3E%3Crect%20width%3D%27958%27%20height%3D%27866%27%20fill-opacity%3D%220%22%2F%3E%3C%2Fsvg%3E\" data-srcset=\"https:\/\/www.neggio.ch\/wp-content\/uploads\/2022\/05\/2_tatto_vignetta_2_res-200x181.png 200w, https:\/\/www.neggio.ch\/wp-content\/uploads\/2022\/05\/2_tatto_vignetta_2_res-400x362.png 400w, https:\/\/www.neggio.ch\/wp-content\/uploads\/2022\/05\/2_tatto_vignetta_2_res-600x542.png 600w, https:\/\/www.neggio.ch\/wp-content\/uploads\/2022\/05\/2_tatto_vignetta_2_res-800x723.png 800w, https:\/\/www.neggio.ch\/wp-content\/uploads\/2022\/05\/2_tatto_vignetta_2_res.png 958w\" data-sizes=\"auto\" data-orig-sizes=\"(max-width: 1024px) 100vw, (max-width: 640px) 100vw, 600px\" \/><\/span><\/div><div class=\"fusion-text fusion-text-4 pannelloTesto\"><p>Certains arbres ont une surface lisse, d\u2019autres une surface rugueuse, et d\u2019autres encore une surface avec des ondulations profondes. Comment les distinguer ?<\/p>\n<\/div><\/div><\/div><\/div><\/div><div class=\"fusion-fullwidth fullwidth-box fusion-builder-row-2 fusion-flex-container nonhundred-percent-fullwidth non-hundred-percent-height-scrolling boxDomanda\" style=\"--awb-border-sizes-top:4px;--awb-border-sizes-bottom:4px;--awb-border-sizes-left:4px;--awb-border-sizes-right:4px;--awb-border-color:#00783f;--awb-border-radius-top-left:0px;--awb-border-radius-top-right:0px;--awb-border-radius-bottom-right:0px;--awb-border-radius-bottom-left:0px;--awb-padding-right:6%;--awb-padding-bottom:1%;--awb-padding-left:6%;--awb-background-color:rgba(255,255,255,0);--awb-flex-wrap:wrap;\" ><div class=\"fusion-builder-row fusion-row fusion-flex-align-items-flex-start fusion-flex-content-wrap\" style=\"max-width:1248px;margin-left: calc(-4% \/ 2 );margin-right: calc(-4% \/ 2 );\"><div class=\"fusion-layout-column fusion_builder_column fusion-builder-column-2 fusion_builder_column_1_1 1_1 fusion-flex-column\" style=\"--awb-bg-size:cover;--awb-width-large:100%;--awb-margin-top-large:0px;--awb-spacing-right-large:1.92%;--awb-margin-bottom-large:20px;--awb-spacing-left-large:1.92%;--awb-width-medium:100%;--awb-order-medium:0;--awb-spacing-right-medium:1.92%;--awb-spacing-left-medium:1.92%;--awb-width-small:100%;--awb-order-small:0;--awb-spacing-right-small:1.92%;--awb-spacing-left-small:1.92%;\"><div class=\"fusion-column-wrapper fusion-column-has-shadow fusion-flex-justify-content-flex-start fusion-content-layout-column\"><div class=\"fusion-title title fusion-title-4 fusion-sep-none fusion-title-center fusion-title-text fusion-title-size-one pannelloTitolo\" style=\"--awb-text-color:#00783f;--awb-margin-top-small:0px;--awb-margin-right-small:0px;--awb-margin-left-small:0px;\"><h1 class=\"fusion-title-heading title-heading-center fusion-responsive-typography-calculated\" style=\"margin:0;--fontSize:48;line-height:1.12;\">Combien en connais-tu ?<\/h1><\/div><div class=\"fusion-title title fusion-title-5 fusion-sep-none fusion-title-center fusion-title-text fusion-title-size-three pannelloTitolo\" style=\"--awb-text-color:#00783f;--awb-margin-top-small:0px;--awb-margin-right-small:0px;--awb-margin-left-small:0px;\"><h3 class=\"fusion-title-heading title-heading-center fusion-responsive-typography-calculated\" style=\"margin:0;--fontSize:24;--minFontSize:24;line-height:1.3;\">\u00c0 quelle plante appartient-elle ?<\/h3><\/div><div class=\"fusion-text fusion-text-5\" style=\"--awb-content-alignment:center;\"><p>Si tu as lu attentivement le panneau, tu disposes de toutes les informations n\u00e9cessaires pour r\u00e9pondre exactement aux questions.<\/p>\n<\/div><\/div><\/div><div class=\"fusion-layout-column fusion_builder_column fusion-builder-column-3 fusion_builder_column_1_4 1_4 fusion-flex-column\" style=\"--awb-padding-right:20px;--awb-padding-left:20px;--awb-bg-size:cover;--awb-width-large:25%;--awb-margin-top-large:0px;--awb-spacing-right-large:7.68%;--awb-margin-bottom-large:20px;--awb-spacing-left-large:7.68%;--awb-width-medium:100%;--awb-order-medium:0;--awb-spacing-right-medium:1.92%;--awb-spacing-left-medium:1.92%;--awb-width-small:100%;--awb-order-small:0;--awb-spacing-right-small:1.92%;--awb-spacing-left-small:1.92%;\"><div class=\"fusion-column-wrapper fusion-column-has-shadow fusion-flex-justify-content-flex-start fusion-content-layout-column\"><div class=\"fusion-image-element \" style=\"--awb-margin-bottom:15px;--awb-max-width:160px;--awb-caption-title-font-family:var(--h2_typography-font-family);--awb-caption-title-font-weight:var(--h2_typography-font-weight);--awb-caption-title-font-style:var(--h2_typography-font-style);--awb-caption-title-size:var(--h2_typography-font-size);--awb-caption-title-transform:var(--h2_typography-text-transform);--awb-caption-title-line-height:var(--h2_typography-line-height);--awb-caption-title-letter-spacing:var(--h2_typography-letter-spacing);\"><span class=\" fusion-imageframe imageframe-none imageframe-3 hover-type-none\"><img decoding=\"async\" width=\"600\" height=\"599\" title=\"betulla\" src=\"https:\/\/www.neggio.ch\/wp-content\/uploads\/2022\/05\/betulla.png\" data-orig-src=\"https:\/\/www.neggio.ch\/wp-content\/uploads\/2022\/05\/betulla-600x599.png\" alt class=\"lazyload img-responsive wp-image-4532\" srcset=\"data:image\/svg+xml,%3Csvg%20xmlns%3D%27http%3A%2F%2Fwww.w3.org%2F2000%2Fsvg%27%20width%3D%27767%27%20height%3D%27766%27%20viewBox%3D%270%200%20767%20766%27%3E%3Crect%20width%3D%27767%27%20height%3D%27766%27%20fill-opacity%3D%220%22%2F%3E%3C%2Fsvg%3E\" data-srcset=\"https:\/\/www.neggio.ch\/wp-content\/uploads\/2022\/05\/betulla-200x200.png 200w, https:\/\/www.neggio.ch\/wp-content\/uploads\/2022\/05\/betulla-400x399.png 400w, https:\/\/www.neggio.ch\/wp-content\/uploads\/2022\/05\/betulla-600x599.png 600w, https:\/\/www.neggio.ch\/wp-content\/uploads\/2022\/05\/betulla.png 767w\" data-sizes=\"auto\" data-orig-sizes=\"(max-width: 1024px) 100vw, (max-width: 640px) 100vw, 400px\" \/><\/span><\/div><div class=\"fusion-text fusion-text-6 pannelloTestoDomande\"><p>A) H\u00eatre<br \/>\nB) Ch\u00eane<br \/>\nC) Bouleau<\/p>\n<\/div><\/div><\/div><div class=\"fusion-layout-column fusion_builder_column fusion-builder-column-4 fusion_builder_column_1_4 1_4 fusion-flex-column\" style=\"--awb-padding-right:20px;--awb-padding-left:20px;--awb-bg-size:cover;--awb-width-large:25%;--awb-margin-top-large:0px;--awb-spacing-right-large:7.68%;--awb-margin-bottom-large:20px;--awb-spacing-left-large:7.68%;--awb-width-medium:100%;--awb-order-medium:0;--awb-spacing-right-medium:1.92%;--awb-spacing-left-medium:1.92%;--awb-width-small:100%;--awb-order-small:0;--awb-spacing-right-small:1.92%;--awb-spacing-left-small:1.92%;\"><div class=\"fusion-column-wrapper fusion-column-has-shadow fusion-flex-justify-content-flex-start fusion-content-layout-column\"><div class=\"fusion-image-element \" style=\"--awb-margin-bottom:15px;--awb-max-width:160px;--awb-caption-title-font-family:var(--h2_typography-font-family);--awb-caption-title-font-weight:var(--h2_typography-font-weight);--awb-caption-title-font-style:var(--h2_typography-font-style);--awb-caption-title-size:var(--h2_typography-font-size);--awb-caption-title-transform:var(--h2_typography-text-transform);--awb-caption-title-line-height:var(--h2_typography-line-height);--awb-caption-title-letter-spacing:var(--h2_typography-letter-spacing);\"><span class=\" fusion-imageframe imageframe-none imageframe-4 hover-type-none\"><img decoding=\"async\" width=\"600\" height=\"600\" title=\"faggio\" src=\"https:\/\/www.neggio.ch\/wp-content\/uploads\/2022\/05\/faggio.png\" data-orig-src=\"https:\/\/www.neggio.ch\/wp-content\/uploads\/2022\/05\/faggio-600x600.png\" alt class=\"lazyload img-responsive wp-image-4524\" srcset=\"data:image\/svg+xml,%3Csvg%20xmlns%3D%27http%3A%2F%2Fwww.w3.org%2F2000%2Fsvg%27%20width%3D%27766%27%20height%3D%27766%27%20viewBox%3D%270%200%20766%20766%27%3E%3Crect%20width%3D%27766%27%20height%3D%27766%27%20fill-opacity%3D%220%22%2F%3E%3C%2Fsvg%3E\" data-srcset=\"https:\/\/www.neggio.ch\/wp-content\/uploads\/2022\/05\/faggio-200x200.png 200w, https:\/\/www.neggio.ch\/wp-content\/uploads\/2022\/05\/faggio-400x400.png 400w, https:\/\/www.neggio.ch\/wp-content\/uploads\/2022\/05\/faggio-600x600.png 600w, https:\/\/www.neggio.ch\/wp-content\/uploads\/2022\/05\/faggio.png 766w\" data-sizes=\"auto\" data-orig-sizes=\"(max-width: 1024px) 100vw, (max-width: 640px) 100vw, 400px\" \/><\/span><\/div><div class=\"fusion-text fusion-text-7 pannelloTestoDomande\"><p>A) Bouleau<br \/>\nB) Sapin<br \/>\nC) H\u00eatre<\/p>\n<\/div><\/div><\/div><div class=\"fusion-layout-column fusion_builder_column fusion-builder-column-5 fusion_builder_column_1_4 1_4 fusion-flex-column\" style=\"--awb-padding-right:20px;--awb-padding-left:20px;--awb-bg-size:cover;--awb-width-large:25%;--awb-margin-top-large:0px;--awb-spacing-right-large:7.68%;--awb-margin-bottom-large:20px;--awb-spacing-left-large:7.68%;--awb-width-medium:100%;--awb-order-medium:0;--awb-spacing-right-medium:1.92%;--awb-spacing-left-medium:1.92%;--awb-width-small:100%;--awb-order-small:0;--awb-spacing-right-small:1.92%;--awb-spacing-left-small:1.92%;\"><div class=\"fusion-column-wrapper fusion-column-has-shadow fusion-flex-justify-content-flex-start fusion-content-layout-column\"><div class=\"fusion-image-element \" style=\"--awb-margin-bottom:15px;--awb-max-width:160px;--awb-caption-title-font-family:var(--h2_typography-font-family);--awb-caption-title-font-weight:var(--h2_typography-font-weight);--awb-caption-title-font-style:var(--h2_typography-font-style);--awb-caption-title-size:var(--h2_typography-font-size);--awb-caption-title-transform:var(--h2_typography-text-transform);--awb-caption-title-line-height:var(--h2_typography-line-height);--awb-caption-title-letter-spacing:var(--h2_typography-letter-spacing);\"><span class=\" fusion-imageframe imageframe-none imageframe-5 hover-type-none\"><img decoding=\"async\" width=\"600\" height=\"600\" title=\"quercia\" src=\"https:\/\/www.neggio.ch\/wp-content\/uploads\/2022\/05\/quercia.png\" data-orig-src=\"https:\/\/www.neggio.ch\/wp-content\/uploads\/2022\/05\/quercia-600x600.png\" alt class=\"lazyload img-responsive wp-image-4536\" srcset=\"data:image\/svg+xml,%3Csvg%20xmlns%3D%27http%3A%2F%2Fwww.w3.org%2F2000%2Fsvg%27%20width%3D%27770%27%20height%3D%27770%27%20viewBox%3D%270%200%20770%20770%27%3E%3Crect%20width%3D%27770%27%20height%3D%27770%27%20fill-opacity%3D%220%22%2F%3E%3C%2Fsvg%3E\" data-srcset=\"https:\/\/www.neggio.ch\/wp-content\/uploads\/2022\/05\/quercia-200x200.png 200w, https:\/\/www.neggio.ch\/wp-content\/uploads\/2022\/05\/quercia-400x400.png 400w, https:\/\/www.neggio.ch\/wp-content\/uploads\/2022\/05\/quercia-600x600.png 600w, https:\/\/www.neggio.ch\/wp-content\/uploads\/2022\/05\/quercia.png 770w\" data-sizes=\"auto\" data-orig-sizes=\"(max-width: 1024px) 100vw, (max-width: 640px) 100vw, 400px\" \/><\/span><\/div><div class=\"fusion-text fusion-text-8 pannelloTestoDomande\"><p>A) H\u00eatre<br \/>\nB) Bouleau<br \/>\nC) Ch\u00eane<\/p>\n<\/div><\/div><\/div><div class=\"fusion-layout-column fusion_builder_column fusion-builder-column-6 fusion_builder_column_1_4 1_4 fusion-flex-column\" style=\"--awb-padding-right:20px;--awb-padding-left:20px;--awb-bg-size:cover;--awb-width-large:25%;--awb-margin-top-large:0px;--awb-spacing-right-large:7.68%;--awb-margin-bottom-large:20px;--awb-spacing-left-large:7.68%;--awb-width-medium:100%;--awb-order-medium:0;--awb-spacing-right-medium:1.92%;--awb-spacing-left-medium:1.92%;--awb-width-small:100%;--awb-order-small:0;--awb-spacing-right-small:1.92%;--awb-spacing-left-small:1.92%;\"><div class=\"fusion-column-wrapper fusion-column-has-shadow fusion-flex-justify-content-flex-start fusion-content-layout-column\"><div class=\"fusion-image-element \" style=\"--awb-margin-bottom:15px;--awb-max-width:160px;--awb-caption-title-font-family:var(--h2_typography-font-family);--awb-caption-title-font-weight:var(--h2_typography-font-weight);--awb-caption-title-font-style:var(--h2_typography-font-style);--awb-caption-title-size:var(--h2_typography-font-size);--awb-caption-title-transform:var(--h2_typography-text-transform);--awb-caption-title-line-height:var(--h2_typography-line-height);--awb-caption-title-letter-spacing:var(--h2_typography-letter-spacing);\"><span class=\" fusion-imageframe imageframe-none imageframe-6 hover-type-none\"><img decoding=\"async\" width=\"600\" height=\"600\" title=\"abeterosso\" src=\"https:\/\/www.neggio.ch\/wp-content\/uploads\/2022\/05\/abeterosso.png\" data-orig-src=\"https:\/\/www.neggio.ch\/wp-content\/uploads\/2022\/05\/abeterosso-600x600.png\" alt class=\"lazyload img-responsive wp-image-4528\" srcset=\"data:image\/svg+xml,%3Csvg%20xmlns%3D%27http%3A%2F%2Fwww.w3.org%2F2000%2Fsvg%27%20width%3D%27762%27%20height%3D%27762%27%20viewBox%3D%270%200%20762%20762%27%3E%3Crect%20width%3D%27762%27%20height%3D%27762%27%20fill-opacity%3D%220%22%2F%3E%3C%2Fsvg%3E\" data-srcset=\"https:\/\/www.neggio.ch\/wp-content\/uploads\/2022\/05\/abeterosso-200x200.png 200w, https:\/\/www.neggio.ch\/wp-content\/uploads\/2022\/05\/abeterosso-400x400.png 400w, https:\/\/www.neggio.ch\/wp-content\/uploads\/2022\/05\/abeterosso-600x600.png 600w, https:\/\/www.neggio.ch\/wp-content\/uploads\/2022\/05\/abeterosso.png 762w\" data-sizes=\"auto\" data-orig-sizes=\"(max-width: 1024px) 100vw, (max-width: 640px) 100vw, 400px\" \/><\/span><\/div><div class=\"fusion-text fusion-text-9 pannelloTestoDomande\"><p>A) \u00c9pic\u00e9a<br \/>\nB) Bouleau<br \/>\nC) Ch\u00eane<\/p>\n<\/div><\/div><\/div><div class=\"fusion-layout-column fusion_builder_column fusion-builder-column-7 fusion_builder_column_1_1 1_1 fusion-flex-column\" style=\"--awb-bg-size:cover;--awb-width-large:100%;--awb-margin-top-large:0px;--awb-spacing-right-large:1.92%;--awb-margin-bottom-large:20px;--awb-spacing-left-large:1.92%;--awb-width-medium:100%;--awb-order-medium:0;--awb-spacing-right-medium:1.92%;--awb-spacing-left-medium:1.92%;--awb-width-small:100%;--awb-order-small:0;--awb-spacing-right-small:1.92%;--awb-spacing-left-small:1.92%;\"><div class=\"fusion-column-wrapper fusion-column-has-shadow fusion-flex-justify-content-flex-start fusion-content-layout-column\"><div class=\"fusion-text fusion-text-10\" style=\"--awb-content-alignment:center;--awb-font-size:14px;\"><p style=\"text-align: center;\"><a href=\"https:\/\/www.neggio.ch\/fr\/parcours-educatif\/toucher\/reponses\/\">Cliquez ici pour les bonnes r\u00e9ponses<\/a><\/p>\n<\/div><\/div><\/div><\/div><\/div><\/p>\n","protected":false},"excerpt":{"rendered":"","protected":false},"author":1,"featured_media":0,"parent":4179,"menu_order":0,"comment_status":"closed","ping_status":"closed","template":"PannelliSentieri.php","meta":{"footnotes":""},"class_list":["post-4549","page","type-page","status-publish","hentry"],"_links":{"self":[{"href":"https:\/\/www.neggio.ch\/fr\/wp-json\/wp\/v2\/pages\/4549","targetHints":{"allow":["GET"]}}],"collection":[{"href":"https:\/\/www.neggio.ch\/fr\/wp-json\/wp\/v2\/pages"}],"about":[{"href":"https:\/\/www.neggio.ch\/fr\/wp-json\/wp\/v2\/types\/page"}],"author":[{"embeddable":true,"href":"https:\/\/www.neggio.ch\/fr\/wp-json\/wp\/v2\/users\/1"}],"replies":[{"embeddable":true,"href":"https:\/\/www.neggio.ch\/fr\/wp-json\/wp\/v2\/comments?post=4549"}],"version-history":[{"count":4,"href":"https:\/\/www.neggio.ch\/fr\/wp-json\/wp\/v2\/pages\/4549\/revisions"}],"predecessor-version":[{"id":4800,"href":"https:\/\/www.neggio.ch\/fr\/wp-json\/wp\/v2\/pages\/4549\/revisions\/4800"}],"up":[{"embeddable":true,"href":"https:\/\/www.neggio.ch\/fr\/wp-json\/wp\/v2\/pages\/4179"}],"wp:attachment":[{"href":"https:\/\/www.neggio.ch\/fr\/wp-json\/wp\/v2\/media?parent=4549"}],"curies":[{"name":"wp","href":"https:\/\/api.w.org\/{rel}","templated":true}]}}