{"id":4744,"date":"2022-05-31T09:13:32","date_gmt":"2022-05-31T07:13:32","guid":{"rendered":"https:\/\/www.neggio.ch\/parcours-educatif\/vue\/tingere-tessuto\/"},"modified":"2022-05-31T09:33:14","modified_gmt":"2022-05-31T07:33:14","slug":"teindre-un-tissu","status":"publish","type":"page","link":"https:\/\/www.neggio.ch\/fr\/parcours-educatif\/vue\/teindre-un-tissu\/","title":{"rendered":"Teindre un tissu"},"content":{"rendered":"<p><div class=\"fusion-fullwidth fullwidth-box fusion-builder-row-1 fusion-flex-container nonhundred-percent-fullwidth non-hundred-percent-height-scrolling\" style=\"--awb-border-color:#00783f;--awb-border-radius-top-left:0px;--awb-border-radius-top-right:0px;--awb-border-radius-bottom-right:0px;--awb-border-radius-bottom-left:0px;--awb-padding-top:120px;--awb-background-color:rgba(255,255,255,0);--awb-flex-wrap:wrap;\" ><div class=\"fusion-builder-row fusion-row fusion-flex-align-items-flex-start fusion-flex-content-wrap\" style=\"max-width:1248px;margin-left: calc(-4% \/ 2 );margin-right: calc(-4% \/ 2 );\"><div class=\"fusion-layout-column fusion_builder_column fusion-builder-column-0 fusion_builder_column_1_2 1_2 fusion-flex-column\" style=\"--awb-bg-size:cover;--awb-width-large:50%;--awb-margin-top-large:0px;--awb-spacing-right-large:3.84%;--awb-margin-bottom-large:20px;--awb-spacing-left-large:3.84%;--awb-width-medium:100%;--awb-order-medium:0;--awb-spacing-right-medium:1.92%;--awb-spacing-left-medium:1.92%;--awb-width-small:100%;--awb-order-small:0;--awb-spacing-right-small:1.92%;--awb-spacing-left-small:1.92%;\"><div class=\"fusion-column-wrapper fusion-column-has-shadow fusion-flex-justify-content-flex-start fusion-content-layout-column\"><div class=\"fusion-title title fusion-title-1 fusion-sep-none fusion-title-text fusion-title-size-one pannelloTitolo\" style=\"--awb-text-color:#4b858e;--awb-margin-top-small:0px;--awb-margin-right-small:0px;--awb-margin-left-small:0px;\"><h1 class=\"fusion-title-heading title-heading-left fusion-responsive-typography-calculated\" style=\"margin:0;--fontSize:48;line-height:1.12;\">Teindre un tissu<\/h1><\/div><\/div><\/div><div class=\"fusion-layout-column fusion_builder_column fusion-builder-column-1 fusion_builder_column_1_2 1_2 fusion-flex-column\" style=\"--awb-bg-size:cover;--awb-width-large:50%;--awb-margin-top-large:0px;--awb-spacing-right-large:3.84%;--awb-margin-bottom-large:20px;--awb-spacing-left-large:3.84%;--awb-width-medium:100%;--awb-order-medium:0;--awb-spacing-right-medium:1.92%;--awb-spacing-left-medium:1.92%;--awb-width-small:100%;--awb-order-small:0;--awb-spacing-right-small:1.92%;--awb-spacing-left-small:1.92%;\"><div class=\"fusion-column-wrapper fusion-column-has-shadow fusion-flex-justify-content-flex-start fusion-content-layout-column\"><div class=\"fusion-text fusion-text-1 pannelloHashtag\"><h3>#conoscoilbosco<\/h3>\n<p>parcours \u00e9ducatif \u2013 Commune de Neggio<\/p>\n<\/div><\/div><\/div><\/div><\/div><div class=\"fusion-fullwidth fullwidth-box fusion-builder-row-2 fusion-flex-container nonhundred-percent-fullwidth non-hundred-percent-height-scrolling boxDomanda\" style=\"--awb-border-sizes-top:4px;--awb-border-sizes-bottom:4px;--awb-border-sizes-left:4px;--awb-border-sizes-right:4px;--awb-border-color:#4b858e;--awb-border-radius-top-left:0px;--awb-border-radius-top-right:0px;--awb-border-radius-bottom-right:0px;--awb-border-radius-bottom-left:0px;--awb-padding-right:6%;--awb-padding-bottom:1%;--awb-padding-left:6%;--awb-background-color:rgba(255,255,255,0);--awb-flex-wrap:wrap;\" ><div class=\"fusion-builder-row fusion-row fusion-flex-align-items-flex-start fusion-flex-content-wrap\" style=\"max-width:1248px;margin-left: calc(-4% \/ 2 );margin-right: calc(-4% \/ 2 );\"><div class=\"fusion-layout-column fusion_builder_column fusion-builder-column-2 fusion_builder_column_1_1 1_1 fusion-flex-column\" style=\"--awb-bg-size:cover;--awb-width-large:100%;--awb-margin-top-large:0px;--awb-spacing-right-large:1.92%;--awb-margin-bottom-large:20px;--awb-spacing-left-large:1.92%;--awb-width-medium:100%;--awb-order-medium:0;--awb-spacing-right-medium:1.92%;--awb-spacing-left-medium:1.92%;--awb-width-small:100%;--awb-order-small:0;--awb-spacing-right-small:1.92%;--awb-spacing-left-small:1.92%;\"><div class=\"fusion-column-wrapper fusion-column-has-shadow fusion-flex-justify-content-flex-start fusion-content-layout-column\"><div class=\"fusion-title title fusion-title-2 fusion-sep-none fusion-title-center fusion-title-text fusion-title-size-one pannelloTitolo\" style=\"--awb-text-color:#4b858e;--awb-margin-top-small:0px;--awb-margin-right-small:0px;--awb-margin-left-small:0px;\"><h1 class=\"fusion-title-heading title-heading-center fusion-responsive-typography-calculated\" style=\"margin:0;--fontSize:48;line-height:1.12;\">Comment teindre un tissu naturel avec les plantes<\/h1><\/div><\/div><\/div><div class=\"fusion-layout-column fusion_builder_column fusion-builder-column-3 fusion_builder_column_1_1 1_1 fusion-flex-column\" style=\"--awb-padding-right:20px;--awb-padding-left:20px;--awb-bg-size:cover;--awb-width-large:100%;--awb-margin-top-large:0px;--awb-spacing-right-large:1.92%;--awb-margin-bottom-large:20px;--awb-spacing-left-large:1.92%;--awb-width-medium:100%;--awb-order-medium:0;--awb-spacing-right-medium:1.92%;--awb-spacing-left-medium:1.92%;--awb-width-small:100%;--awb-order-small:0;--awb-spacing-right-small:1.92%;--awb-spacing-left-small:1.92%;\"><div class=\"fusion-column-wrapper fusion-column-has-shadow fusion-flex-justify-content-flex-start fusion-content-layout-column\"><div class=\"fusion-text fusion-text-2 pannelloTestoDomande\"><p>Nombreuses sont les plantes communes qui peuvent \u00eatre utilis\u00e9es pour cr\u00e9er une teinture naturelle faite maison. Pour s\u00e9parer le colorant de la mati\u00e8re v\u00e9g\u00e9tale, il faut :<\/p>\n<p>1) couper la plante en petits morceaux \u00e0 l\u2019aide d\u2019un couteau de cuisine ;<br \/>\n2) verser deux volumes d\u2019eau et un volume de mati\u00e8re v\u00e9g\u00e9tale dans une grande casserole que l\u2019on fera bouillir \u00e0 feu vif ;<br \/>\n3) r\u00e9duire la flamme et laisser bouillir \u00e0 petit feu pendant 1 heure ;<br \/>\n4) filtrer la mati\u00e8re v\u00e9g\u00e9tale et verser le liquide color\u00e9 dans un grand bol pour le bain de teinture.<br \/>\n5) Si vous utilisez des baies, faites-les bouillir pendant environ 15 minutes ou jusqu\u2019\u00e0 ce que la couleur des baies se m\u00e9lange \u00e0 l\u2019eau. S\u00e9parer les morceaux de baies \u00e0 l\u2019aide d\u2019un tamis et verser le liquide color\u00e9 dans une grande jatte.<\/p>\n<p>Quelles plantes ou baies pour quelles couleurs ?<br \/>\n<strong>Orange<\/strong> : pelure d\u2019oignon et racines de carotte<br \/>\n<strong>Brun<\/strong> : caf\u00e9, th\u00e9, noix et racines de pissenlit<br \/>\n<strong>Rose<\/strong> : framboises, cerises et fraises<br \/>\n<strong>Bleu, violet<\/strong> : chou rouge, myrtilles, raisins violets, p\u00e9tales de bleuet<br \/>\n<strong>Rouge<\/strong> : betteraves, cynorhodons<br \/>\n<strong>Noir<\/strong> : racines d\u2019iris<br \/>\n<strong>Vert<\/strong> : artichauts, feuilles d\u2019\u00e9pinards<br \/>\n<strong>Jaune<\/strong> : feuilles de c\u00e9leri, curcuma, feuilles de saule, fleurs de souci, feuilles de p\u00eacher, achill\u00e9e millefeuille.<\/p>\n<p>Pour teindre les textiles (par exemple un T-shirt en coton blanc), mettez-les dans la teinture obtenue et faites-les bouillir pendant 30-60 minutes \u00e0 feu doux, puis plongez-les dans un bain avec un fixateur (125 ml de sel avec 2 l d\u2019eau froide pour les teintures de baies, 1 volume de vinaigre blanc avec 4 volumes d\u2019eau froide pour les teintures avec d\u2019autres plantes). Pour le premier lavage, lavez les tissus teints s\u00e9par\u00e9ment \u00e0 l\u2019eau froide.<\/p>\n<\/div><\/div><\/div><div class=\"fusion-layout-column fusion_builder_column fusion-builder-column-4 fusion_builder_column_1_1 1_1 fusion-flex-column\" style=\"--awb-bg-size:cover;--awb-width-large:100%;--awb-margin-top-large:0px;--awb-spacing-right-large:1.92%;--awb-margin-bottom-large:20px;--awb-spacing-left-large:1.92%;--awb-width-medium:100%;--awb-order-medium:0;--awb-spacing-right-medium:1.92%;--awb-spacing-left-medium:1.92%;--awb-width-small:100%;--awb-order-small:0;--awb-spacing-right-small:1.92%;--awb-spacing-left-small:1.92%;\"><div class=\"fusion-column-wrapper fusion-column-has-shadow fusion-flex-justify-content-flex-start fusion-content-layout-column\"><\/div><\/div><\/div><\/div><\/p>\n","protected":false},"excerpt":{"rendered":"","protected":false},"author":1,"featured_media":0,"parent":4596,"menu_order":0,"comment_status":"closed","ping_status":"closed","template":"pannelloOlfatto.php","meta":{"footnotes":""},"class_list":["post-4744","page","type-page","status-publish","hentry"],"_links":{"self":[{"href":"https:\/\/www.neggio.ch\/fr\/wp-json\/wp\/v2\/pages\/4744","targetHints":{"allow":["GET"]}}],"collection":[{"href":"https:\/\/www.neggio.ch\/fr\/wp-json\/wp\/v2\/pages"}],"about":[{"href":"https:\/\/www.neggio.ch\/fr\/wp-json\/wp\/v2\/types\/page"}],"author":[{"embeddable":true,"href":"https:\/\/www.neggio.ch\/fr\/wp-json\/wp\/v2\/users\/1"}],"replies":[{"embeddable":true,"href":"https:\/\/www.neggio.ch\/fr\/wp-json\/wp\/v2\/comments?post=4744"}],"version-history":[{"count":3,"href":"https:\/\/www.neggio.ch\/fr\/wp-json\/wp\/v2\/pages\/4744\/revisions"}],"predecessor-version":[{"id":4747,"href":"https:\/\/www.neggio.ch\/fr\/wp-json\/wp\/v2\/pages\/4744\/revisions\/4747"}],"up":[{"embeddable":true,"href":"https:\/\/www.neggio.ch\/fr\/wp-json\/wp\/v2\/pages\/4596"}],"wp:attachment":[{"href":"https:\/\/www.neggio.ch\/fr\/wp-json\/wp\/v2\/media?parent=4744"}],"curies":[{"name":"wp","href":"https:\/\/api.w.org\/{rel}","templated":true}]}}